{"id":126,"date":"2025-10-29T11:32:55","date_gmt":"2025-10-29T11:32:55","guid":{"rendered":"https:\/\/bidragtilghana.dk\/?page_id=126"},"modified":"2026-04-07T07:31:23","modified_gmt":"2026-04-07T07:31:23","slug":"bestyrelsen","status":"publish","type":"page","link":"http:\/\/bidragtilghana.dk\/?page_id=126","title":{"rendered":"Bestyrelsen"},"content":{"rendered":"<div class=\"brz brz-root__container brz-reset-all brz-root__container-page\">\n<section id=\"mu8enjiW88YI_mu8enjiW88YI\" class=\"brz-section brz-css-1mw5lw9 brz-css-gcu9ed\">\n<div class=\"brz-section__content brz-section--boxed brz-css-1t0se4v brz-css-10bn0s9\" data-brz-custom-id=\"raoH4m_T77ml\">\n<div class=\"brz-container brz-css-149d1ei brz-css-aujiqn\">\n<div id=\"\" class=\"brz-css-v2t85f brz-css-1fj21bw brz-wrapper\">\n<div class=\"brz-rich-text brz-rich-text__custom brz-css-amcjgh brz-css-1grzi8m\" data-brz-custom-id=\"s1FdHDZLRS5D\">\n<div data-brz-translate-text=\"1\">\n<h1 class=\"brz-tp-lg-heading1 brz-css-gtW5z\" data-generated-css=\"brz-css-bWK0v\" data-uniq-id=\"mXHKk\"><span class=\"brz-cp-color3\">Bestyrelsen<\/span><\/h1>\n<p class=\"brz-tp-lg-paragraph brz-css-d39jk\" data-generated-css=\"brz-css-zGyK0\" data-uniq-id=\"qvyGR\"><span>Michael D\u00f8ssing S\u00f8rensen, forperson<\/span><\/p>\n<p class=\"brz-tp-lg-paragraph brz-css-zU5Sc\" data-generated-css=\"brz-css-feis6\" data-uniq-id=\"kEWHg\"><span>Lotte Mathiesen, n\u00e6stforperson<\/span><\/p>\n<p class=\"brz-tp-lg-paragraph brz-css-lu7pt\" data-generated-css=\"brz-css-cQjmx\" data-uniq-id=\"saVWX\"><span>Bjarne Petersen, \u00f8konomiansvarlig<\/span><\/p>\n<p class=\"brz-tp-lg-paragraph brz-css-krm_z\" data-generated-css=\"brz-css-nJIvF\" data-uniq-id=\"sIPBp\"><span>Anne Birgitte Haahr, oplysningsarrangementer<\/span><\/p>\n<p class=\"brz-tp-lg-paragraph brz-css-v8ZeS\" data-generated-css=\"brz-css-xKGHF\" data-uniq-id=\"vvCaN\"><span>Gitte Vesterskov Johansen, f\u00f8l (ikke fuldgyldigt medlem)<\/span><\/p>\n<p class=\"brz-tp-lg-paragraph brz-css-cs7Ze\" data-generated-css=\"brz-css-fIEXe\" data-uniq-id=\"zKxXB\"><span>John Gejl, f\u00f8l (ikke fuldgyldigt medlem)<\/span><\/p>\n<\/div>\n<\/div>\n<\/div>\n<\/div>\n<\/div>\n<\/section><\/div>\n<p><!-- version:1762345900 --><\/p>\n","protected":false},"excerpt":{"rendered":"<p>Bestyrelsen Michael D\u00f8ssing S\u00f8rensen, forperson Lotte Mathiesen, n\u00e6stforperson Bjarne Petersen, \u00f8konomiansvarlig Anne Birgitte Haahr, oplysningsarrangementer Gitte Vesterskov Johansen, f\u00f8l (ikke fuldgyldigt medlem) John Gejl, f\u00f8l (ikke fuldgyldigt medlem)<\/p>\n","protected":false},"author":1,"featured_media":0,"parent":0,"menu_order":0,"comment_status":"closed","ping_status":"closed","template":"brizy-blank-template.php","meta":{"footnotes":""},"class_list":["post-126","page","type-page","status-publish","hentry","entry"],"brizy_media":[],"_links":{"self":[{"href":"http:\/\/bidragtilghana.dk\/index.php?rest_route=\/wp\/v2\/pages\/126","targetHints":{"allow":["GET"]}}],"collection":[{"href":"http:\/\/bidragtilghana.dk\/index.php?rest_route=\/wp\/v2\/pages"}],"about":[{"href":"http:\/\/bidragtilghana.dk\/index.php?rest_route=\/wp\/v2\/types\/page"}],"author":[{"embeddable":true,"href":"http:\/\/bidragtilghana.dk\/index.php?rest_route=\/wp\/v2\/users\/1"}],"replies":[{"embeddable":true,"href":"http:\/\/bidragtilghana.dk\/index.php?rest_route=%2Fwp%2Fv2%2Fcomments&post=126"}],"version-history":[{"count":3,"href":"http:\/\/bidragtilghana.dk\/index.php?rest_route=\/wp\/v2\/pages\/126\/revisions"}],"predecessor-version":[{"id":361,"href":"http:\/\/bidragtilghana.dk\/index.php?rest_route=\/wp\/v2\/pages\/126\/revisions\/361"}],"wp:attachment":[{"href":"http:\/\/bidragtilghana.dk\/index.php?rest_route=%2Fwp%2Fv2%2Fmedia&parent=126"}],"curies":[{"name":"wp","href":"https:\/\/api.w.org\/{rel}","templated":true}]}}