{"id":147,"date":"2025-10-29T13:23:12","date_gmt":"2025-10-29T13:23:12","guid":{"rendered":"https:\/\/bidragtilghana.dk\/?page_id=147"},"modified":"2026-04-07T11:12:47","modified_gmt":"2026-04-07T11:12:47","slug":"incubation-program-kontinuerligt","status":"publish","type":"page","link":"http:\/\/bidragtilghana.dk\/?page_id=147","title":{"rendered":"Incubation Program (kontinuerligt)"},"content":{"rendered":"<div class=\"brz brz-root__container brz-reset-all brz-root__container-page\">\n<section id=\"jUYUOM3P6nZe_jUYUOM3P6nZe\" class=\"brz-section brz-css-1t3ueft brz-css-25ke4x\">\n<div class=\"brz-section__content brz-section--boxed brz-css-1adz99a brz-css-y3mf4l\" data-brz-custom-id=\"lGwHGhI3RzZd\">\n<div class=\"brz-container brz-css-1apeh49 brz-css-19wuxnx\">\n<div id=\"\" class=\"brz-css-htq2om brz-css-1pitrfs brz-wrapper\">\n<div class=\"brz-rich-text brz-rich-text__custom brz-css-5dd8tr brz-css-nnowbt\" data-brz-custom-id=\"bhnFFBAeDdga\">\n<div data-brz-translate-text=\"1\">\n<h1 class=\"brz-tp-lg-heading1 brz-css-kAymc\" data-generated-css=\"brz-css-xS89E\" data-uniq-id=\"nfHuS\"><span class=\"brz-cp-color3\">Incubation Program<\/span><\/h1>\n<\/div>\n<\/div>\n<\/div>\n<div id=\"\" class=\"brz-css-htq2om brz-css-nb3367 brz-wrapper\">\n<div class=\"brz-image brz-css-1356jaa brz-css-dmc5s7\" data-brz-custom-id=\"z_O1UtSL_din\"><img decoding=\"async\" class=\"brz-img\" src=\"https:\/\/bidragtilghana.dk\/wp-content\/uploads\/2025\/10\/img_2716-1-scaled.jpg\" loading=\"lazy\" alt=\"\" title=\"img_2716 (1)\"><\/div>\n<\/div>\n<div id=\"\" class=\"brz-css-htq2om brz-css-1cy2uq9 brz-wrapper\">\n<div class=\"brz-rich-text brz-rich-text__custom brz-css-5dd8tr brz-css-c4si6y\" data-brz-custom-id=\"pnFeobLXzhSX\">\n<div data-brz-translate-text=\"1\">\n<p class=\"brz-tp-lg-paragraph brz-css-ipUm6\" data-uniq-id=\"lbHzX\" data-generated-css=\"brz-css-elgoZ\"><strong>\u2018Incubation Programme\u2019<\/strong><span>&nbsp;er hj\u00f8rnestenen i partnerskabets arbejde og Bidrag til Ghana og HOPins f\u00f8rste f\u00e6lles projekt.<\/span><strong>&nbsp;<\/strong><span>To gange \u00e5rligt optager HOPin kursister til dette program, 60% kvinder og 40% m\u00e6nd. Udfordrede unge, som har en forretningside, har mulighed for at deltage. De har brug for kapacitet til at starte eller videref\u00f8re en lille virksomhed.&nbsp;Vores medlemskontingenter g\u00e5r ubesk\u00e5ret til kapacitetsopbygning af disse unge.<\/span><\/p>\n<p class=\"brz-tp-lg-paragraph brz-css-xoN_f\" data-uniq-id=\"lbHzX\" data-generated-css=\"brz-css-elgoZ\"><strong>\u2018Incubation Programme\u2019 \u2013 kursusbeskrivelse:<\/strong><\/p>\n<p class=\"brz-tp-lg-paragraph brz-css-rM5vp\" data-uniq-id=\"lbHzX\" data-generated-css=\"brz-css-elgoZ\"><span>Kurset best\u00e5r af 5 faser:<\/span><\/p>\n<ol>\n<li data-uniq-id=\"lbHzX\" data-generated-css=\"brz-css-elgoZ\" class=\"brz-tp-lg-paragraph brz-css-hb__R\"><strong>Ans\u00f8gning:<\/strong><span>&nbsp;alle indkaldes til en samtale for at pr\u00e6sentere deres forretningside, uddannelsesm\u00e6ssige baggrund og motivation. Ans\u00f8gerne optages i grupper p\u00e5 2 \u2013 3, s\u00e5 der er mulighed for samarbejde og sparring.<\/span><\/li>\n<li data-uniq-id=\"lbHzX\" data-generated-css=\"brz-css-elgoZ\" class=\"brz-tp-lg-paragraph brz-css-e7o0h\"><strong>Preincubation:<\/strong><span>&nbsp;et 4 ugers forl\u00f8b, hvor deltagerne pr\u00e6senteres for innovation, it og iv\u00e6rks\u00e6tteri. Desuden er der mulighed for at indkredse sin forretningside.<\/span><\/li>\n<li data-uniq-id=\"lbHzX\" data-generated-css=\"brz-css-elgoZ\" class=\"brz-tp-lg-paragraph brz-css-cTvDG\"><strong>Incubation:<\/strong><span>&nbsp;12 ugers intensiv tr\u00e6ning i \u00f8konomi, salg, marketing og IT. Desuden arbejder de med at udforme en forretningsplan.<\/span><\/li>\n<li data-uniq-id=\"lbHzX\" data-generated-css=\"brz-css-elgoZ\" class=\"brz-tp-lg-paragraph brz-css-uoX9C\"><strong>Postincubation<\/strong><span>: et mentorforl\u00f8b, hvor iv\u00e6rks\u00e6tterne bliver tilknyttet en eksisterende virksomhed og l\u00e6rer fra praksis.<\/span><\/li>\n<li data-uniq-id=\"lbHzX\" data-generated-css=\"brz-css-elgoZ\" class=\"brz-tp-lg-paragraph brz-css-bACZp\"><strong>Afsluttende pitch<\/strong><span>: Iv\u00e6rks\u00e6tterne pr\u00e6senterer deres ide og forretningsplan for et panel, der nominerer de 3 bedste, der bel\u00f8nnes med et startup bel\u00f8b.<\/span><\/li>\n<\/ol>\n<p class=\"brz-tp-lg-paragraph brz-css-xOSa4\" data-uniq-id=\"lbHzX\" data-generated-css=\"brz-css-elgoZ\"><strong>&nbsp;&nbsp;HOPin`s hjemmeside&nbsp;\u2013 l\u00e6s mere om forl\u00f8bet.<\/strong><\/p>\n<p class=\"brz-tp-lg-paragraph brz-css-uvgmv\" data-uniq-id=\"lbHzX\" data-generated-css=\"brz-css-elgoZ\"><strong>M\u00e5lgruppe<\/strong><\/p>\n<p class=\"brz-tp-lg-paragraph brz-css-e1rs1\" data-uniq-id=\"lbHzX\" data-generated-css=\"brz-css-elgoZ\"><span>M\u00e5lgruppen for arbejdet i NordGhana er udfordrede, men engagerede unge. Nogle kommer fra familier med begr\u00e6nsede \u00f8konomiske og uddannelsesm\u00e6ssige ressourcer, ofte familier, der ikke har mulighed for at finansiere deres b\u00f8rns uddannelse, og andre er uddannede unge, der pga. af stor ungdomsarbejdsl\u00f8shed har sv\u00e6rt ved at finde job, og hvor det er meget sv\u00e6rt at starte som selvst\u00e6ndig, fordi de \u00f8konomiske midler er sv\u00e6rt tilg\u00e6ngelige.&nbsp;<\/span><\/p>\n<\/div>\n<\/div>\n<\/div>\n<div id=\"\" class=\"brz-css-htq2om brz-css-1lq9vfj brz-wrapper\">\n<div class=\"brz-image brz-css-behady brz-css-1qrktf1\" data-brz-custom-id=\"n941ttZ_Qo4c\"><img decoding=\"async\" class=\"brz-img\" src=\"https:\/\/bidragtilghana.dk\/wp-content\/uploads\/2025\/10\/projekter-1-incubation-bidrag-til-ghana-kerneopgave-1.jpg\" loading=\"lazy\" alt=\"\" title=\"projekter-1-incubation-bidrag-til-ghana-kerneopgave-1\"><\/div>\n<\/div>\n<\/div>\n<\/div>\n<\/section><\/div>\n<p><!-- version:1762346696 --><\/p>\n","protected":false},"excerpt":{"rendered":"<p>Incubation Program \u2018Incubation Programme\u2019&nbsp;er hj\u00f8rnestenen i partnerskabets arbejde og Bidrag til Ghana og HOPins f\u00f8rste f\u00e6lles projekt.&nbsp;To gange \u00e5rligt optager HOPin kursister til dette program, 60% kvinder og 40% m\u00e6nd. Udfordrede unge, som har en forretningside, har mulighed for at deltage. De har brug for kapacitet til at starte eller videref\u00f8re en lille virksomhed.&nbsp;Vores medlemskontingenter &hellip; <\/p>\n<p class=\"link-more\"><a href=\"http:\/\/bidragtilghana.dk\/?page_id=147\" class=\"more-link\">Continue reading<span class=\"screen-reader-text\"> &#8220;Incubation Program (kontinuerligt)&#8221;<\/span><\/a><\/p>\n","protected":false},"author":1,"featured_media":0,"parent":0,"menu_order":0,"comment_status":"closed","ping_status":"closed","template":"brizy-blank-template.php","meta":{"footnotes":""},"class_list":["post-147","page","type-page","status-publish","hentry","entry"],"brizy_media":[{"id":22,"url":"http:\/\/bidragtilghana.dk\/wp-content\/uploads\/2025\/10\/projekter-1-incubation-bidrag-til-ghana-kerneopgave-1.jpg","name":"projekter-1-incubation-bidrag-til-ghana-kerneopgave-1.jpg","meta":{"brizy_attachment_uid":"wp-92b198e4deb3e503c706a1b9c35be034.jpg","brizy_post_uid":["38a19b394522b9274802fb29379cf811"]}},{"id":23,"url":"http:\/\/bidragtilghana.dk\/wp-content\/uploads\/2025\/10\/img_2716-1-scaled.jpg","name":"img_2716-1.jpg","meta":{"brizy_attachment_uid":"wp-a54a4bc40df13caedf014fa554a0a5bc.jpg","brizy_post_uid":["38a19b394522b9274802fb29379cf811","e39503d56df65957bc2d6d37fa1d35dd"]}}],"_links":{"self":[{"href":"http:\/\/bidragtilghana.dk\/index.php?rest_route=\/wp\/v2\/pages\/147","targetHints":{"allow":["GET"]}}],"collection":[{"href":"http:\/\/bidragtilghana.dk\/index.php?rest_route=\/wp\/v2\/pages"}],"about":[{"href":"http:\/\/bidragtilghana.dk\/index.php?rest_route=\/wp\/v2\/types\/page"}],"author":[{"embeddable":true,"href":"http:\/\/bidragtilghana.dk\/index.php?rest_route=\/wp\/v2\/users\/1"}],"replies":[{"embeddable":true,"href":"http:\/\/bidragtilghana.dk\/index.php?rest_route=%2Fwp%2Fv2%2Fcomments&post=147"}],"version-history":[{"count":3,"href":"http:\/\/bidragtilghana.dk\/index.php?rest_route=\/wp\/v2\/pages\/147\/revisions"}],"predecessor-version":[{"id":367,"href":"http:\/\/bidragtilghana.dk\/index.php?rest_route=\/wp\/v2\/pages\/147\/revisions\/367"}],"wp:attachment":[{"href":"http:\/\/bidragtilghana.dk\/index.php?rest_route=%2Fwp%2Fv2%2Fmedia&parent=147"}],"curies":[{"name":"wp","href":"https:\/\/api.w.org\/{rel}","templated":true}]}}