{"id":148,"date":"2025-10-29T12:15:48","date_gmt":"2025-10-29T12:15:48","guid":{"rendered":"https:\/\/bidragtilghana.dk\/?page_id=148"},"modified":"2026-04-07T07:31:16","modified_gmt":"2026-04-07T07:31:16","slug":"hvem-er-bidrag-til-ghana","status":"publish","type":"page","link":"http:\/\/bidragtilghana.dk\/?page_id=148","title":{"rendered":"Hvem er Bidrag til Ghana"},"content":{"rendered":"<div class=\"brz brz-root__container brz-reset-all brz-root__container-page\">\n<section id=\"xqmIi7dgpnjz_xqmIi7dgpnjz\" class=\"brz-section brz-css-d-section brz-css-1h8v93v\">\n<div class=\"brz-section__content brz-section--boxed brz-css-d-sectionitem-bg brz-css-7acndx\" data-brz-custom-id=\"gMdnB0vzeyrt\">\n<div class=\"brz-container brz-css-d-sectionitem-container brz-css-zx2zeg\">\n<div id=\"\" class=\"brz-css-d-wrapper brz-css-jebsgg brz-wrapper\">\n<div class=\"brz-rich-text brz-rich-text__custom brz-css-d-richtext brz-css-1ldf4rp\" data-brz-custom-id=\"d5CAoRyNKnn0\">\n<div data-brz-translate-text=\"1\">\n<h1 class=\"brz-tp-lg-heading1 brz-css-iXKM4\" data-uniq-id=\"sSFwr\" data-generated-css=\"brz-css-nayN_\"><span>Hvem er Bidrag til&nbsp;Ghana?<\/span><\/h1>\n<p class=\"brz-tp-lg-paragraph brz-css-zTv57\" data-uniq-id=\"t2Zm8\" data-generated-css=\"brz-css-jp0Nz\"><strong>Bidrag til Ghana<\/strong><span>&nbsp;blev dannet i 2010 i Silkeborg Kommune.&nbsp;<\/span><\/p>\n<p class=\"brz-tp-lg-paragraph brz-css-b9cNr\" data-uniq-id=\"vP9WZ\" data-generated-css=\"brz-css-uEjal\"><span>Foreningens form\u00e5l er:<\/span><\/p>\n<ul>\n<li data-uniq-id=\"nVSkg\" data-generated-css=\"brz-css-vBO6e\" class=\"brz-tp-lg-empty brz-ff-roboto brz-ft-google brz-fs-lg-18 brz-fss-lg-px brz-fw-lg-400 brz-ls-lg-0 brz-lh-lg-1_7 brz-vfw-lg-400 brz-fwdth-lg-100 brz-fsft-lg-0 brz-css-tKhCs\"><span>at medvirke til at h\u00f8jne levestandarden i Nordghana ved at st\u00f8tte udfordrede unges empowerment med udgangspunkt i iv\u00e6rks\u00e6tteri og IT med et b\u00e6redygtigt perspektiv.&nbsp;<\/span><\/li>\n<li class=\"brz-bcp-color1 brz-tp-lg-paragraph brz-css-wz8hV\" data-uniq-id=\"yT6Rr\" data-generated-css=\"brz-css-erE8O\"><span>at medvirke til at \u00f8ge ligestillingen mellem kvinder og m\u00e6nd.<\/span><\/li>\n<li class=\"brz-bcp-color1 brz-tp-lg-paragraph brz-css-zN1XG\" data-uniq-id=\"n1O1V\" data-generated-css=\"brz-css-pjPze\"><span>at medvirke til at styrke bevidstheden om klima\u00e6ndringerne og finde handlemuligheder b\u00e5de i forhold til klimatilpasning og til at finde gr\u00f8nne l\u00f8sninger i produktionen.<\/span><\/li>\n<\/ul>\n<p class=\"brz-tp-lg-paragraph brz-css-c3HAP\" data-uniq-id=\"g7g8E\" data-generated-css=\"brz-css-jzZcr\"><span>Foreningens virke er at:<\/span><\/p>\n<ul>\n<li class=\"brz-bcp-color1 brz-tp-lg-paragraph brz-css-dgxCA\" data-uniq-id=\"r0rxb\" data-generated-css=\"brz-css-amotP\"><span>At st\u00f8tte HOPin Academy, som underviser, faciliterer, vejleder og opmuntrer unge til et virksomt og socialt ansvarligt liv. Samarbejde og f\u00e6llesskab er b\u00e6rende v\u00e6rdier.<\/span><\/li>\n<li class=\"brz-tp-lg-paragraph brz-css-njAab\" data-uniq-id=\"t2Y89\" data-generated-css=\"brz-css-ncxiR\"><span>At st\u00f8tte de udfordrede unge ghanesiske&nbsp;iv\u00e6rks\u00e6ttere i kursusprogrammet&nbsp;<\/span><em>\u2018Incubator Programme\u2019<\/em><span>&nbsp;og den efterf\u00f8lgende opstartsfase.<\/span><\/li>\n<li class=\"brz-bcp-color1 brz-tp-lg-paragraph brz-css-uBIEz\" data-uniq-id=\"xzMP6\" data-generated-css=\"brz-css-ttuSW\"><span>At arbejde for bedre vilk\u00e5r for mikro-, sm\u00e5- og mellemstore virksomheder i partnerskab med HOPin Academy og med st\u00f8tte hovedsageligt fra CISU (Civilsamfund i Udvikling)&nbsp;<\/span><\/li>\n<li class=\"brz-bcp-color1 brz-tp-lg-paragraph brz-css-a92Gm\" data-uniq-id=\"n8111\" data-generated-css=\"brz-css-hDQSE\"><span>At arrangere oplysningsarrangementer evt. med andre organisationer.<\/span><\/li>\n<li class=\"brz-bcp-color1 brz-tp-lg-paragraph brz-css-woGPF\" data-uniq-id=\"ceHUm\" data-generated-css=\"brz-css-l8jjo\"><span>At afholde arrangementer, som falder ind under foreningens form\u00e5l. F.eks&nbsp;foredrag, dialog- og debatm\u00f8der om det globale syd og is\u00e6r Ghana. Desuden afholdes den \u00e5rlige generalforsamling og et socialt arrangement, eksempelvis fredagsbar.&nbsp;<\/span><\/li>\n<li class=\"brz-bcp-color1 brz-tp-lg-paragraph brz-css-hJQHw\" data-uniq-id=\"k7Adl\" data-generated-css=\"brz-css-toGXU\"><span>At oplyse medlemmerne via nyhedsbreve, Facebook og foreningens hjemmeside.<\/span><\/li>\n<\/ul>\n<p class=\"brz-tp-lg-paragraph brz-css-j7XjL\" data-uniq-id=\"gbmMk\" data-generated-css=\"brz-css-re0p7\"><\/p>\n<\/div>\n<\/div>\n<\/div>\n<div id=\"\" class=\"brz-css-d-wrapper brz-css-lghu9q brz-wrapper\">\n<div class=\"brz-image brz-css-d-image-y5qbj81cquee-parent brz-css-v00l1a\" data-brz-custom-id=\"y5QBJ81CquEe\"><img decoding=\"async\" class=\"brz-img\" src=\"https:\/\/bidragtilghana.dk\/wp-content\/uploads\/2025\/10\/om-hvem-er-bidrag-til-ghana-scaled.jpg\" loading=\"lazy\" title=\"\"><\/div>\n<\/div>\n<\/div>\n<\/div>\n<\/section>\n<section id=\"pnUGHE8BSsCD_pnUGHE8BSsCD\" class=\"brz-section brz-css-14mld56 brz-css-1m8axn6\">\n<div class=\"brz-section__content brz-section--boxed brz-css-9eyox9 brz-css-dsws0m\" data-brz-custom-id=\"zBFgxxkvTncL\">\n<div class=\"brz-container brz-css-irzhe7 brz-css-16v6spc\">\n<div id=\"\" class=\"brz-css-dkbf8z brz-css-17io6xn brz-wrapper\">\n<div class=\"brz-rich-text brz-rich-text__custom brz-css-36pi3j brz-css-1xv2pqo\" data-brz-custom-id=\"dHrgw0ybNoex\">\n<div data-brz-translate-text=\"1\">\n<p class=\"brz-tp-lg-paragraph brz-css-qVIip\" data-uniq-id=\"ucLny\" data-generated-css=\"brz-css-k7GYF\"><span>Bidrag til Ghana (BtG)<\/span><strong>&nbsp;&nbsp;<\/strong><span>blev startet i 2010 af Michael S\u00f8rensen st\u00f8ttet af en gruppe venner, som bakkede op om ideen. Foreningen har siden&nbsp;arbejdet for at h\u00f8jne levestandarden i Nordghana ved at styrke udfordrede unge&nbsp;iv\u00e6rks\u00e6ttere. I partnerskab med HOPin Academy i Tamale styrkes de unges kapacitet, s\u00e5 de kan starte eller videref\u00f8re deres egne sm\u00e5 virksomheder.&nbsp;<\/span><\/p>\n<p class=\"brz-tp-lg-paragraph brz-css-zTh0g\" data-uniq-id=\"ucLny\" data-generated-css=\"brz-css-k7GYF\"><span>Bidrag til Ghana har 102 medlemmer (2025) og en bestyrelse, som arbejder frivilligt. Medlemmerne er enten&nbsp;<\/span><strong>\u00e5rsmedlemmer<\/strong><span>, som betaler kontingent eller&nbsp;<\/span><strong>bidragsydere<\/strong><span>, som betaler et m\u00e5nedligt bel\u00f8b. Alle pengene sendes til&nbsp;<\/span><strong>HOPin Academy.<\/strong><span>&nbsp;I 2024 og 2025 har vi \u00e5rligt sendt 50.000 kr., der bruges til at st\u00f8tte de unge, dels under kapacitetsopbygningen p\u00e5 HOPin og dels som hj\u00e6lp til at starte deres virksomhed.<\/span><\/p>\n<p class=\"brz-tp-lg-paragraph brz-css-cdc3x\" data-uniq-id=\"ucLny\" data-generated-css=\"brz-css-k7GYF\"><span>Bidrag til Ghana startede i 2010 med at st\u00f8tte nogle f\u00e5 udfordrede unge med et pengebel\u00f8b. MacCarthy, som var den f\u00f8rste til at modtage st\u00f8tte til sin uddannelse, har med tiden sammen med en dygtig medarbejderstab udviklet kursus-\/uddannelsesstedet HOPin Academy, der nu modtager og administrerer st\u00f8ttebel\u00f8bet fra BtG. Pengene bruges i det program, der nu hedder\u2019&nbsp;<\/span><strong>Incubation Programme\u2019.<\/strong><\/p>\n<p class=\"brz-tp-lg-paragraph brz-css-pFatd\" data-uniq-id=\"ucLny\" data-generated-css=\"brz-css-k7GYF\"><strong>Ingen administrationsudgifter<\/strong><\/p>\n<p class=\"brz-tp-lg-paragraph brz-css-gagR4\" data-uniq-id=\"ucLny\" data-generated-css=\"brz-css-k7GYF\"><span>Alle medlemsbidrag g\u00e5r direkte til st\u00f8tte for de unges tr\u00e6ning og opstart. Administrations- og rejseudgifter i forbindelse med projekterne d\u00e6kkes af Cisu, hvilket sikrer fuld gennemsigtighed og maksimal effekt af de donerede midler.<\/span><\/p>\n<p class=\"brz-tp-lg-paragraph brz-css-x9W2K\" data-uniq-id=\"ucLny\" data-generated-css=\"brz-css-k7GYF\"><strong>Et st\u00e6rkt partnerskab:&nbsp;HOPin Academy og&nbsp;Bidrag til Ghana<\/strong><\/p>\n<p class=\"brz-tp-lg-paragraph brz-css-jIuBf\" data-uniq-id=\"ucLny\" data-generated-css=\"brz-css-k7GYF\"><span>HOPin Academy og Bidrag til Ghanas partnerskab har udviklet sig til et solidt, godt og tillidsfuldt samarbejde, hvor fokus altid er p\u00e5 de f\u00e6lles projekter, men ogs\u00e5&nbsp;udvikling af et aktivt og samarbejdende milj\u00f8 med f\u00e6lles v\u00e6rdier. Samarbejdet er pr\u00e6get af stort engagement og tro p\u00e5, at vores indsats g\u00f8r en forskel.<\/span><\/p>\n<p class=\"brz-tp-lg-paragraph brz-css-prbD8\" data-uniq-id=\"ucLny\" data-generated-css=\"brz-css-k7GYF\"><span>Bidrag til Ghana samarbejder t\u00e6t med HOPin Academy, som tr\u00e6ner de unge og hj\u00e6lper dem med at etablere oftest sm\u00e5 virksomheder inden for omr\u00e5der som landbrug, f\u00f8devareproduktion, tekstil og design, personlig pleje:fris\u00f8rer og kosmetik, h\u00e5ndv\u00e6rk, IT og grafisk design, sundhed e.a.<\/span><\/p>\n<p class=\"brz-tp-lg-paragraph brz-css-y2o1M\" data-uniq-id=\"ucLny\" data-generated-css=\"brz-css-k7GYF\"><span>Rollen som partnerorganisation er at fundraise og monitorere. Bidrag til Ghana s\u00f8ger hovedsageligt penge fra Cisu (Civilsamfundspuljen under Udenrigsministeriet) til projekterne. Det er vigtigt for partnerskabet, at de f\u00e6lles projekter har rod i lokale ideer og behov, som hovedsageligt formuleres af HOPin`s medarbejdere, men i t\u00e6t sparring med Bidrag til Ghana. HOPin`s medarbejdere har kompetencerne til at lave hensigtsm\u00e6ssige strategier og til at udf\u00f8re projekterne i praksis.&nbsp;<\/span><\/p>\n<p class=\"brz-tp-lg-paragraph brz-css-kct4b\" data-uniq-id=\"ucLny\" data-generated-css=\"brz-css-k7GYF\"><span>Hvert \u00e5r rejser 2 fra bestyrelsen til partnerskabsm\u00f8de i Tamale, hvor de monitorerer projekterne og udveksler ideer og synspunkter, hvilket giver stor l\u00e6ring for begge parter. \u2013 dagb\u00f8ger fra m\u00f8derne findes p\u00e5 hjemmesiden (link) og kan l\u00e6ses.<\/span><\/p>\n<\/div>\n<\/div>\n<\/div>\n<\/div>\n<\/div>\n<\/section><\/div>\n<p><!-- version:1762949742 --><\/p>\n","protected":false},"excerpt":{"rendered":"<p>Hvem er Bidrag til&nbsp;Ghana? Bidrag til Ghana&nbsp;blev dannet i 2010 i Silkeborg Kommune.&nbsp; Foreningens form\u00e5l er: at medvirke til at h\u00f8jne levestandarden i Nordghana ved at st\u00f8tte udfordrede unges empowerment med udgangspunkt i iv\u00e6rks\u00e6tteri og IT med et b\u00e6redygtigt perspektiv.&nbsp; at medvirke til at \u00f8ge ligestillingen mellem kvinder og m\u00e6nd. at medvirke til at styrke &hellip; <\/p>\n<p class=\"link-more\"><a href=\"http:\/\/bidragtilghana.dk\/?page_id=148\" class=\"more-link\">Continue reading<span class=\"screen-reader-text\"> &#8220;Hvem er Bidrag til Ghana&#8221;<\/span><\/a><\/p>\n","protected":false},"author":1,"featured_media":0,"parent":0,"menu_order":0,"comment_status":"closed","ping_status":"closed","template":"brizy-blank-template.php","meta":{"footnotes":""},"class_list":["post-148","page","type-page","status-publish","hentry","entry"],"brizy_media":[{"id":19,"url":"http:\/\/bidragtilghana.dk\/wp-content\/uploads\/2025\/10\/om-hvem-er-bidrag-til-ghana-scaled.jpg","name":"om-hvem-er-bidrag-til-ghana.jpg","meta":{"brizy_attachment_uid":"wp-94a5b78e503eb0c9c01074a274909a51.jpg","brizy_post_uid":["015795c8f28dcbf19845d2a7b5feff22"]}}],"_links":{"self":[{"href":"http:\/\/bidragtilghana.dk\/index.php?rest_route=\/wp\/v2\/pages\/148","targetHints":{"allow":["GET"]}}],"collection":[{"href":"http:\/\/bidragtilghana.dk\/index.php?rest_route=\/wp\/v2\/pages"}],"about":[{"href":"http:\/\/bidragtilghana.dk\/index.php?rest_route=\/wp\/v2\/types\/page"}],"author":[{"embeddable":true,"href":"http:\/\/bidragtilghana.dk\/index.php?rest_route=\/wp\/v2\/users\/1"}],"replies":[{"embeddable":true,"href":"http:\/\/bidragtilghana.dk\/index.php?rest_route=%2Fwp%2Fv2%2Fcomments&post=148"}],"version-history":[{"count":6,"href":"http:\/\/bidragtilghana.dk\/index.php?rest_route=\/wp\/v2\/pages\/148\/revisions"}],"predecessor-version":[{"id":458,"href":"http:\/\/bidragtilghana.dk\/index.php?rest_route=\/wp\/v2\/pages\/148\/revisions\/458"}],"wp:attachment":[{"href":"http:\/\/bidragtilghana.dk\/index.php?rest_route=%2Fwp%2Fv2%2Fmedia&parent=148"}],"curies":[{"name":"wp","href":"https:\/\/api.w.org\/{rel}","templated":true}]}}