{"id":153,"date":"2025-10-29T12:25:38","date_gmt":"2025-10-29T12:25:38","guid":{"rendered":"https:\/\/bidragtilghana.dk\/?page_id=153"},"modified":"2026-04-08T00:33:54","modified_gmt":"2026-04-08T00:33:54","slug":"vedtaegter","status":"publish","type":"page","link":"http:\/\/bidragtilghana.dk\/?page_id=153","title":{"rendered":"Vedt\u00e6gter"},"content":{"rendered":"<div class=\"brz brz-root__container brz-reset-all brz-root__container-page\">\n<section id=\"lEyQ4Rs0VccZ_lEyQ4Rs0VccZ\" class=\"brz-section brz-css-qebw5f brz-css-1sj6fo5\">\n<div class=\"brz-section__content brz-section--boxed brz-css-z3xarm brz-css-83bq50\" data-brz-custom-id=\"c2uQmKGMBhdM\">\n<div class=\"brz-container brz-css-1t23nfk brz-css-1tl5ofh\">\n<div id=\"\" class=\"brz-css-1o8t9y5 brz-css-wcrnuk brz-wrapper\">\n<div class=\"brz-rich-text brz-rich-text__custom brz-css-1ol0ctz brz-css-13clr2q\" data-brz-custom-id=\"xuTIJrneNJEA\">\n<div data-brz-translate-text=\"1\">\n<h1 data-uniq-id=\"kpu1J\" data-generated-css=\"brz-css-y8Xu9\" class=\"brz-tp-lg-heading1 brz-css-n_YXJ\"><span class=\"brz-cp-color3\">Vedt\u00e6gter<\/span><\/h1>\n<\/div>\n<\/div>\n<\/div>\n<div id=\"\" class=\"brz-css-1o8t9y5 brz-css-btmuc7 brz-wrapper\">\n<div class=\"brz-image brz-css-erjssf brz-css-1ah4lg1\" data-brz-custom-id=\"ueoaGJqelJyA\"><img decoding=\"async\" class=\"brz-img\" src=\"https:\/\/bidragtilghana.dk\/wp-content\/uploads\/2025\/10\/om-vedtaegter-scaled.jpg\" loading=\"lazy\" alt=\"\" title=\"om-vedtaegter\"><\/div>\n<\/div>\n<div id=\"\" class=\"brz-css-1o8t9y5 brz-css-5u9jiz brz-wrapper\">\n<div class=\"brz-rich-text brz-rich-text__custom brz-css-1ol0ctz brz-css-nj18pq\" data-brz-custom-id=\"g_ABbdCLIS0E\">\n<div data-brz-translate-text=\"1\">\n<p class=\"brz-tp-lg-paragraph brz-css-pvuyN\" data-uniq-id=\"gakYo\" data-generated-css=\"brz-css-fcapk\"><strong>Februar 2025<\/strong><\/p>\n<p class=\"brz-tp-lg-paragraph brz-css-wWWZQ\" data-uniq-id=\"gakYo\" data-generated-css=\"brz-css-fcapk\"><span>Foreningens navn:<\/span><\/p>\n<p class=\"brz-tp-lg-paragraph brz-css-bZ26J\" data-uniq-id=\"gakYo\" data-generated-css=\"brz-css-fcapk\"><span>Bidrag til Ghana (BtG), oprettet i 2010 \u2013 hjemsted: Silkeborg Kommune<\/span><\/p>\n<p class=\"brz-tp-lg-paragraph brz-css-lKJyd\" data-uniq-id=\"gakYo\" data-generated-css=\"brz-css-fcapk\"><span>Foreningens form\u00e5l er:<\/span><\/p>\n<ul>\n<li data-uniq-id=\"gakYo\" data-generated-css=\"brz-css-fcapk\" class=\"brz-tp-lg-paragraph brz-css-f7yam\"><span>at medvirke til at h\u00f8jne levestandarden i Nordghana ved at st\u00f8tte udfordrede unges empowerment med udgangspunkt i iv\u00e6rks\u00e6tteri og IT med et b\u00e6redygtigt perspektiv.&nbsp;<\/span><\/li>\n<li data-uniq-id=\"gakYo\" data-generated-css=\"brz-css-fcapk\" class=\"brz-tp-lg-paragraph brz-css-mb9ZJ\"><span>at medvirke til at \u00f8ge ligestillingen mellem kvinder og m\u00e6nd&nbsp;<\/span><\/li>\n<li data-uniq-id=\"gakYo\" data-generated-css=\"brz-css-fcapk\" class=\"brz-tp-lg-paragraph brz-css-u2aHq\"><span>at medvirke til at styrke bevidstheden om klima\u00e6ndringerne og finde handlemuligheder b\u00e5de i forhold til klimatilpasning og til at finde gr\u00f8nne l\u00f8sninger i produktionen<\/span><\/li>\n<\/ul>\n<p class=\"brz-tp-lg-paragraph brz-css-aUq3e\" data-uniq-id=\"gakYo\" data-generated-css=\"brz-css-fcapk\"><span>Foreningens virke er at:<\/span><\/p>\n<ul>\n<li data-uniq-id=\"gakYo\" data-generated-css=\"brz-css-fcapk\" class=\"brz-tp-lg-paragraph brz-css-r1lbc\"><span>At st\u00f8tte HOPin Academy, som underviser, faciliterer, vejleder og opmuntrer unge til et virksomt og socialt ansvarligt liv. Samarbejde og f\u00e6llesskab er b\u00e6rende v\u00e6rdier.<\/span><\/li>\n<li data-uniq-id=\"gakYo\" data-generated-css=\"brz-css-fcapk\" class=\"brz-tp-lg-paragraph brz-css-ttG45\"><span>At st\u00f8tte de udfordrede unge ghanesiske&nbsp;iv\u00e6rks\u00e6ttere i kursusprogrammet&nbsp;<\/span><em>\u2018Incubator Programme\u2019<\/em><span>&nbsp;og den efterf\u00f8lgende opstartsfase.<\/span><\/li>\n<li data-uniq-id=\"gakYo\" data-generated-css=\"brz-css-fcapk\" class=\"brz-tp-lg-paragraph brz-css-d5JZb\"><span>At arbejde for bedre vilk\u00e5r for mikro-, sm\u00e5- og mellemstore virksomheder i partnerskab med HOPin Academy og med st\u00f8tte hovedsageligt fra CISU (Civilsamfund i Udvikling)&nbsp;<\/span><\/li>\n<li data-uniq-id=\"gakYo\" data-generated-css=\"brz-css-fcapk\" class=\"brz-tp-lg-paragraph brz-css-tsRqj\"><span>At arrangere oplysningsarrangementer evt. med andre organisationer.<\/span><\/li>\n<li data-uniq-id=\"gakYo\" data-generated-css=\"brz-css-fcapk\" class=\"brz-tp-lg-paragraph brz-css-wZvcq\"><span>At afholde arrangementer, som falder ind under foreningens form\u00e5l. F.eks&nbsp;foredrag, dialog- og debatm\u00f8der om det globale syd og is\u00e6r Ghana.&nbsp;<\/span><\/li>\n<li data-uniq-id=\"gakYo\" data-generated-css=\"brz-css-fcapk\" class=\"brz-tp-lg-paragraph brz-css-mzotB\"><span>At oplyse medlemmerne via nyhedsbreve, Facebook og foreningens hjemmeside.<\/span><\/li>\n<\/ul>\n<p class=\"brz-tp-lg-paragraph brz-css-quI5x\" data-uniq-id=\"gakYo\" data-generated-css=\"brz-css-fcapk\"><span>Generalforsamlingen:<\/span><\/p>\n<ul>\n<li data-uniq-id=\"gakYo\" data-generated-css=\"brz-css-fcapk\" class=\"brz-tp-lg-paragraph brz-css-fhzvV\"><span>Den ordin\u00e6re generalforsamling afholdes inden udgangen af februar m\u00e5ned og indkaldes mindst 14 dage f\u00f8r afholdelsen. Den forel\u00f8bige dagsorden offentligg\u00f8res ved indkaldelsen.<\/span><\/li>\n<li data-uniq-id=\"gakYo\" data-generated-css=\"brz-css-fcapk\" class=\"brz-tp-lg-paragraph brz-css-qTlQp\"><span>Generalforsamlingen er foreningens h\u00f8jeste myndighed og kan tr\u00e6ffe overordnede afg\u00f8relser vedr. foreningen. Det foreg\u00e5r ved almindelig flertalsafg\u00f8relse.<\/span><\/li>\n<li data-uniq-id=\"gakYo\" data-generated-css=\"brz-css-fcapk\" class=\"brz-tp-lg-paragraph brz-css-kJ9MV\"><span>Forslag, der \u00f8nskes behandlet p\u00e5 generalforsamlingen, skal v\u00e6re formanden i h\u00e6nde mindst 8 dage f\u00f8r afholdelsen.<\/span><\/li>\n<li data-uniq-id=\"gakYo\" data-generated-css=\"brz-css-fcapk\" class=\"brz-tp-lg-paragraph brz-css-w7Un8\"><span>Bestyrelsen afl\u00e6gger beretning p\u00e5 generalforsamlingen.<\/span><\/li>\n<li data-uniq-id=\"gakYo\" data-generated-css=\"brz-css-fcapk\" class=\"brz-tp-lg-paragraph brz-css-zF6oo\"><span>Foreningens regnskab freml\u00e6gges og godkendes.<\/span><\/li>\n<li data-uniq-id=\"gakYo\" data-generated-css=\"brz-css-fcapk\" class=\"brz-tp-lg-paragraph brz-css-uJlxi\"><span>Den \u00e5rlige generalforsamling v\u00e6lger nye medlemmer til bestyrelsen.<\/span><\/li>\n<li data-uniq-id=\"gakYo\" data-generated-css=\"brz-css-fcapk\" class=\"brz-tp-lg-paragraph brz-css-fUZr_\"><span>Ekstraordin\u00e6r generalforsamling skal afholdes, hvis bestyrelsen \u00f8nsker det, eller 25% af medlemmerne giver skriftlig anmodning om det.<\/span><\/li>\n<\/ul>\n<p class=\"brz-tp-lg-paragraph brz-css-w0OB1\" data-uniq-id=\"gakYo\" data-generated-css=\"brz-css-fcapk\"><span>Bestyrelsen:<\/span><\/p>\n<ul>\n<li data-uniq-id=\"gakYo\" data-generated-css=\"brz-css-fcapk\" class=\"brz-tp-lg-paragraph brz-css-b8XlM\"><span>Foreningen ledes af en bestyrelse p\u00e5 5-7 medlemmer, som v\u00e6lges p\u00e5 den \u00e5rlige generalforsamling.<\/span><\/li>\n<li data-uniq-id=\"gakYo\" data-generated-css=\"brz-css-fcapk\" class=\"brz-tp-lg-paragraph brz-css-bi9RG\"><span>Bestyrelsen konstituerer sig selv med forperson, n\u00e6stforperson, kasserer og sekret\u00e6r.<\/span><\/li>\n<li data-uniq-id=\"gakYo\" data-generated-css=\"brz-css-fcapk\" class=\"brz-tp-lg-paragraph brz-css-rXITr\"><span>Bestyrelsen sidder i en periode p\u00e5 2 \u00e5r ad gangen. Der er ingen gr\u00e6nse for, hvor l\u00e6nge man m\u00e5 sidde.<\/span><\/li>\n<\/ul>\n<p class=\"brz-tp-lg-paragraph brz-css-a5BP9\" data-uniq-id=\"gakYo\" data-generated-css=\"brz-css-fcapk\"><span>Tegningsret:<\/span><\/p>\n<ul>\n<li data-uniq-id=\"gakYo\" data-generated-css=\"brz-css-fcapk\" class=\"brz-tp-lg-paragraph brz-css-vFotC\"><span>Forperson og kasserer har begge tegningsret for foreningen.<\/span><\/li>\n<\/ul>\n<p class=\"brz-tp-lg-paragraph brz-css-uxRI3\" data-uniq-id=\"gakYo\" data-generated-css=\"brz-css-fcapk\"><span>Regnskab:<\/span><\/p>\n<ul>\n<li data-uniq-id=\"gakYo\" data-generated-css=\"brz-css-fcapk\" class=\"brz-tp-lg-paragraph brz-css-gc7jB\"><span>Foreningens regnskabs\u00e5r l\u00f8ber fra 1. januar til 31. december.<\/span><\/li>\n<li data-uniq-id=\"gakYo\" data-generated-css=\"brz-css-fcapk\" class=\"brz-tp-lg-paragraph brz-css-aioAd\"><span>Regnskabet godkendes af ekstern revisor og derefter p\u00e5 Generalforsamlingen<\/span><\/li>\n<\/ul>\n<p class=\"brz-tp-lg-paragraph brz-css-bYrxk\" data-uniq-id=\"gakYo\" data-generated-css=\"brz-css-fcapk\"><span>Medlemmer:<\/span><\/p>\n<ul>\n<li data-uniq-id=\"gakYo\" data-generated-css=\"brz-css-fcapk\" class=\"brz-tp-lg-paragraph brz-css-kagug\"><span>Man kan v\u00e6re medlem p\u00e5 to m\u00e5der:<\/span><\/li>\n<\/ul>\n<ol>\n<li data-uniq-id=\"gakYo\" data-generated-css=\"brz-css-fcapk\" class=\"brz-tp-lg-paragraph brz-css-bSyyx\"><span>Som bidragsyder, der giver et m\u00e5nedligt bel\u00f8b.&nbsp;<\/span><\/li>\n<li data-uniq-id=\"gakYo\" data-generated-css=\"brz-css-fcapk\" class=\"brz-tp-lg-paragraph brz-css-kugZM\"><span>Som \u00e5rsmedlem, hvor der betales et fast \u00e5rligt bel\u00f8b.&nbsp;<\/span><\/li>\n<\/ol>\n<ul>\n<li data-uniq-id=\"gakYo\" data-generated-css=\"brz-css-fcapk\" class=\"brz-tp-lg-paragraph brz-css-y0yec\"><span>Kontingentet betales inden generalforsamlingen.&nbsp;<\/span><\/li>\n<li data-uniq-id=\"gakYo\" data-generated-css=\"brz-css-fcapk\" class=\"brz-tp-lg-paragraph brz-css-meKBV\"><span>Kontingent \u00e6ndringer vedtages p\u00e5 generalforsamlingen og tr\u00e6der i kraft \u00e5ret efter.<\/span><\/li>\n<\/ul>\n<p class=\"brz-tp-lg-paragraph brz-css-q5fAO\" data-uniq-id=\"gakYo\" data-generated-css=\"brz-css-fcapk\"><span>&nbsp;&nbsp;&nbsp;&nbsp;&nbsp;&nbsp;Vedt\u00e6gts\u00e6ndringer:<\/span><\/p>\n<ul>\n<li data-uniq-id=\"gakYo\" data-generated-css=\"brz-css-fcapk\" class=\"brz-tp-lg-paragraph brz-css-wx2_E\"><span>Vedt\u00e6gts\u00e6ndringer kan kun foreg\u00e5 p\u00e5 generalforsamlingen og skal vedtages med et flertal p\u00e5 2\/3 af de fremm\u00f8dte medlemmer.<\/span><\/li>\n<\/ul>\n<p class=\"brz-tp-lg-paragraph brz-css-wimBe\" data-uniq-id=\"gakYo\" data-generated-css=\"brz-css-fcapk\"><span>Opl\u00f8sning af foreningen:<\/span><\/p>\n<ul>\n<li data-uniq-id=\"gakYo\" data-generated-css=\"brz-css-fcapk\" class=\"brz-tp-lg-paragraph brz-css-rm0kn\"><span>Opl\u00f8sning af foreningen kan foretages af generalforsamlingen, efter at dette punkt er varslet skriftligt til alle medlemmer mindst en m\u00e5ned f\u00f8r generalforsamlingen. Der kr\u00e6ves stemmeflertal p\u00e5 mindst 2\/3 af de fremm\u00f8dte.<\/span><\/li>\n<li data-uniq-id=\"gakYo\" data-generated-css=\"brz-css-fcapk\" class=\"brz-tp-lg-paragraph brz-css-hNB41\"><span>Foreningens aktiver og passiver fordeles herefter i henhold til foreningens m\u00e5l og foretages af den sidst siddende bestyrelse.<\/span><\/li>\n<\/ul>\n<blockquote data-uniq-id=\"gakYo\" data-generated-css=\"brz-css-fcapk\" class=\"brz-tp-lg-paragraph\"><p><strong>Foreningens kontaktperson:<\/strong><\/p><\/blockquote>\n<blockquote data-uniq-id=\"gakYo\" data-generated-css=\"brz-css-fcapk\" class=\"brz-tp-lg-paragraph\"><p><span>Michael D\u00f8ssing S\u00f8rensen<\/span><\/p><\/blockquote>\n<blockquote data-uniq-id=\"gakYo\" data-generated-css=\"brz-css-fcapk\" class=\"brz-tp-lg-paragraph\"><p><span>Amaliegade 16<\/span><\/p><\/blockquote>\n<blockquote data-uniq-id=\"gakYo\" data-generated-css=\"brz-css-fcapk\" class=\"brz-tp-lg-paragraph\"><p><span>8600 Silkeborg<\/span><\/p><\/blockquote>\n<blockquote data-uniq-id=\"gakYo\" data-generated-css=\"brz-css-fcapk\" class=\"brz-tp-lg-paragraph\"><p><span>Tlf.: 50562859<\/span><\/p><\/blockquote>\n<blockquote data-uniq-id=\"gakYo\" data-generated-css=\"brz-css-fcapk\" class=\"brz-tp-lg-paragraph\"><p><span>desbana@gmail.com&nbsp;<\/span><\/p><\/blockquote>\n<p class=\"brz-tp-lg-paragraph brz-css-dbD6y\" data-uniq-id=\"gakYo\" data-generated-css=\"brz-css-fcapk\"><\/p>\n<\/div>\n<\/div>\n<\/div>\n<\/div>\n<\/div>\n<\/section><\/div>\n<p><!-- version:1762346093 --><\/p>\n","protected":false},"excerpt":{"rendered":"<p>Vedt\u00e6gter Februar 2025 Foreningens navn: Bidrag til Ghana (BtG), oprettet i 2010 \u2013 hjemsted: Silkeborg Kommune Foreningens form\u00e5l er: at medvirke til at h\u00f8jne levestandarden i Nordghana ved at st\u00f8tte udfordrede unges empowerment med udgangspunkt i iv\u00e6rks\u00e6tteri og IT med et b\u00e6redygtigt perspektiv.&nbsp; at medvirke til at \u00f8ge ligestillingen mellem kvinder og m\u00e6nd&nbsp; at medvirke &hellip; <\/p>\n<p class=\"link-more\"><a href=\"http:\/\/bidragtilghana.dk\/?page_id=153\" class=\"more-link\">Continue reading<span class=\"screen-reader-text\"> &#8220;Vedt\u00e6gter&#8221;<\/span><\/a><\/p>\n","protected":false},"author":1,"featured_media":0,"parent":0,"menu_order":0,"comment_status":"closed","ping_status":"closed","template":"brizy-blank-template.php","meta":{"footnotes":""},"class_list":["post-153","page","type-page","status-publish","hentry","entry"],"brizy_media":[{"id":20,"url":"http:\/\/bidragtilghana.dk\/wp-content\/uploads\/2025\/10\/om-vedtaegter-scaled.jpg","name":"om-vedtaegter.jpg","meta":{"brizy_attachment_uid":"wp-91cf7a7165d28655b05d380536f3d7d6.jpg","brizy_post_uid":["9ded8d515a9a03b0701083ddaa53adfc"]}}],"_links":{"self":[{"href":"http:\/\/bidragtilghana.dk\/index.php?rest_route=\/wp\/v2\/pages\/153","targetHints":{"allow":["GET"]}}],"collection":[{"href":"http:\/\/bidragtilghana.dk\/index.php?rest_route=\/wp\/v2\/pages"}],"about":[{"href":"http:\/\/bidragtilghana.dk\/index.php?rest_route=\/wp\/v2\/types\/page"}],"author":[{"embeddable":true,"href":"http:\/\/bidragtilghana.dk\/index.php?rest_route=\/wp\/v2\/users\/1"}],"replies":[{"embeddable":true,"href":"http:\/\/bidragtilghana.dk\/index.php?rest_route=%2Fwp%2Fv2%2Fcomments&post=153"}],"version-history":[{"count":3,"href":"http:\/\/bidragtilghana.dk\/index.php?rest_route=\/wp\/v2\/pages\/153\/revisions"}],"predecessor-version":[{"id":364,"href":"http:\/\/bidragtilghana.dk\/index.php?rest_route=\/wp\/v2\/pages\/153\/revisions\/364"}],"wp:attachment":[{"href":"http:\/\/bidragtilghana.dk\/index.php?rest_route=%2Fwp%2Fv2%2Fmedia&parent=153"}],"curies":[{"name":"wp","href":"https:\/\/api.w.org\/{rel}","templated":true}]}}