{"id":158,"date":"2025-10-30T08:21:00","date_gmt":"2025-10-30T08:21:00","guid":{"rendered":"https:\/\/bidragtilghana.dk\/?page_id=158"},"modified":"2026-04-10T00:49:27","modified_gmt":"2026-04-10T00:49:27","slug":"aarsberetninger","status":"publish","type":"page","link":"http:\/\/bidragtilghana.dk\/?page_id=158","title":{"rendered":"\u00c5rsberetninger"},"content":{"rendered":"<div class=\"brz brz-root__container brz-reset-all brz-root__container-page\">\n<section id=\"vG5rzPAxXxav_vG5rzPAxXxav\" class=\"brz-section brz-css-1itnxij brz-css-1ra5u7d\">\n<div class=\"brz-section__content brz-section--boxed brz-css-1eppwga brz-css-tcg35r\" data-brz-custom-id=\"myGBT619YR6n\">\n<div class=\"brz-bg\">\n<div class=\"brz-bg-color\"><\/div>\n<\/div>\n<div class=\"brz-container brz-css-8f1pyt brz-css-7xb86s\">\n<div id=\"\" class=\"brz-css-s6sr3x brz-css-8rv3m2 brz-wrapper\">\n<div class=\"brz-rich-text brz-rich-text__custom brz-css-11kc3oa brz-css-1urs2ls\" data-brz-custom-id=\"y3_ZyzcIc3u7\">\n<div data-brz-translate-text=\"1\">\n<h1 data-uniq-id=\"gYSMp\" data-generated-css=\"brz-css-ciwFX\" class=\"brz-tp-lg-heading1 brz-css-m8_pG\"><span class=\"brz-cp-color3\">\u00c5rsberetninger<\/span><\/h1>\n<\/div>\n<\/div>\n<\/div>\n<\/div>\n<\/div>\n<\/section>\n<section id=\"p1OTpX8r1cxi_p1OTpX8r1cxi\" class=\"brz-section brz-css-et8ldt brz-css-l27wa8\">\n<div class=\"brz-section__content brz-section--boxed brz-css-wkl6sv brz-css-10tvoys\" data-brz-custom-id=\"gxcJ498zTJvI\">\n<div class=\"brz-bg\">\n<div class=\"brz-bg-color\"><\/div>\n<\/div>\n<div class=\"brz-container brz-css-xymcgh brz-css-1kr6m4c\">\n<div class=\"brz-row__container brz-css-1nnk2e6 brz-css-cxm2q\" data-brz-custom-id=\"tcTfWST37oD2\">\n<div class=\"brz-row brz-css-12gbkvd brz-css-1nsnmah brz-css-h66kuw\">\n<div class=\"brz-columns brz-css-1bgmxtv brz-css-13g0157\" data-brz-custom-id=\"pogphxgoYawC\">\n<div class=\"brz-column__items brz-css-1n4qbai brz-css-3443nb\">\n<div class=\"brz-wrapper-clone brz-flex-xs-wrap brz-css-npqdyl brz-css-1a56sbg\" data-brz-custom-id=\"apnl65XWwefG\"><a class=\"brz-a brz-btn brz-css-km1uga brz-css-1n53odp brz-css-19jbgks brz-css-sxfuiz\" href=\"https:\/\/docs.google.com\/document\/d\/1O1ofV2vQ-F5hsCJ_iNgYXDREx6axQiNX2Yfpf3h9b_s\/edit?usp=sharing\" target=\"_blank\" rel=\"noopener noreferrer\" data-brz-link-type=\"external\" data-brz-custom-id=\"aPcXh8tnIDSi\"><span data-brz-translate-text=\"1\" class=\"brz-span brz-text__editor\">\u00c5rsberetning 2024<\/span><\/a><\/div>\n<\/div>\n<\/div>\n<div class=\"brz-columns brz-css-1bgmxtv brz-css-mpjo47\" data-brz-custom-id=\"tdEHijJwCFT9\">\n<div class=\"brz-column__items brz-css-1n4qbai brz-css-1kpl7rv\">\n<div class=\"brz-wrapper-clone brz-flex-xs-wrap brz-css-npqdyl brz-css-mg9c9h\" data-brz-custom-id=\"eHLcL9KFqf89\"><a class=\"brz-a brz-btn brz-css-km1uga brz-css-xrkle8 brz-css-19jbgks brz-css-8lsplk\" href=\"https:\/\/drive.google.com\/file\/d\/1XsbLPVkgzIxhc8YiP7-ZYcv-Lyw4ZmYy\/view\" target=\"_blank\" rel=\"noopener noreferrer\" data-brz-link-type=\"external\" data-brz-custom-id=\"ix80cjdjk6xN\"><span data-brz-translate-text=\"1\" class=\"brz-span brz-text__editor\">\u00c5rsberetning 2023<\/span><\/a><\/div>\n<\/div>\n<\/div>\n<div class=\"brz-columns brz-css-1bgmxtv brz-css-1ul0sf7\" data-brz-custom-id=\"p3mXie3Oj6LQ\">\n<div class=\"brz-column__items brz-css-1n4qbai brz-css-hicm02\">\n<div class=\"brz-wrapper-clone brz-flex-xs-wrap brz-css-npqdyl brz-css-6c0lwp\" data-brz-custom-id=\"majr9YK8Nq9w\"><a class=\"brz-a brz-btn brz-css-km1uga brz-css-1kxwg12 brz-css-19jbgks brz-css-wpwpx9\" href=\"https:\/\/docs.google.com\/document\/d\/1BR7y1_5woK-VUSdGWeGLvqpIKsp8cXozmiev_yJGI9k\/edit?tab=t.0\" target=\"_self\" rel=\"noopener\" data-brz-link-type=\"external\" data-brz-custom-id=\"nqBm0kJzV4Km\"><span data-brz-translate-text=\"1\" class=\"brz-span brz-text__editor\">\u00c5rsberetning 2022<\/span><\/a><\/div>\n<\/div>\n<\/div>\n<\/div>\n<\/div>\n<\/div>\n<\/div>\n<\/section>\n<section id=\"sbVGJWzab6HS_sbVGJWzab6HS\" class=\"brz-section brz-css-wnxlmh brz-css-1uyf6vi\">\n<div class=\"brz-section__content brz-section--boxed brz-css-72akkd brz-css-jotlsb\" data-brz-custom-id=\"wAS7TXorP7ed\">\n<div class=\"brz-bg\">\n<div class=\"brz-bg-color\"><\/div>\n<\/div>\n<div class=\"brz-container brz-css-1xom947 brz-css-1vfmufa\">\n<div class=\"brz-row__container brz-css-17w02wy brz-css-h1qab7\" data-brz-custom-id=\"uGOL0NODxWbS\">\n<div class=\"brz-row brz-css-n43nvk brz-css-1ye3l1t brz-css-amtuen\">\n<div class=\"brz-columns brz-css-ro845m brz-css-1tm7g8l\" data-brz-custom-id=\"aLB_fcKMYm28\">\n<div class=\"brz-column__items brz-css-1gwg10g brz-css-xouf8o\">\n<div class=\"brz-wrapper-clone brz-flex-xs-wrap brz-css-o32og2 brz-css-pkfwiz\" data-brz-custom-id=\"mH5AhZUC1emV\"><a class=\"brz-a brz-btn brz-css-a1vez8 brz-css-18f7gdj brz-css-57kvuj brz-css-1gb62om\" href=\"https:\/\/docs.google.com\/document\/d\/1LwI0-lpszA5xQSwqoutL-_JsnANfWOw8x5pGvZ45mvM\/edit?tab=t.0\" target=\"_blank\" rel=\"noopener noreferrer\" data-brz-link-type=\"external\" data-brz-custom-id=\"iG7Im6aSsrlS\"><span data-brz-translate-text=\"1\" class=\"brz-span brz-text__editor\">\u00c5rsberetning 2021<\/span><\/a><\/div>\n<\/div>\n<\/div>\n<div class=\"brz-columns brz-css-ro845m brz-css-dfhd8z\" data-brz-custom-id=\"wUZivivE4o2n\">\n<div class=\"brz-column__items brz-css-1gwg10g brz-css-1qb9j7q\">\n<div class=\"brz-wrapper-clone brz-flex-xs-wrap brz-css-o32og2 brz-css-gl8cpn\" data-brz-custom-id=\"eAKbrC_EWLwq\"><a class=\"brz-a brz-btn brz-css-a1vez8 brz-css-1sj435a brz-css-57kvuj brz-css-17z4nol\" href=\"https:\/\/btghana.wordpress.com\/wp-content\/uploads\/2020\/02\/formandens-beretning-bidrag-til-ghana-2020-1.pdf\" target=\"_blank\" rel=\"noopener noreferrer\" data-brz-link-type=\"external\" data-brz-custom-id=\"lu37pQJLFr2Z\"><span data-brz-translate-text=\"1\" class=\"brz-span brz-text__editor\">Formandens beretning 2020<\/span><\/a><\/div>\n<\/div>\n<\/div>\n<div class=\"brz-columns brz-css-ro845m brz-css-5fvv5\" data-brz-custom-id=\"hZGW6tNbOhTM\">\n<div class=\"brz-column__items brz-css-1gwg10g brz-css-1v60jxr\">\n<div class=\"brz-wrapper-clone brz-flex-xs-wrap brz-css-o32og2 brz-css-1au20v2\" data-brz-custom-id=\"yg3WKbOk2ey7\"><a class=\"brz-a brz-btn brz-css-a1vez8 brz-css-1r300wz brz-css-57kvuj brz-css-2yn7wh\" href=\"https:\/\/docs.google.com\/document\/d\/1tW9wbFEn4GeGo0_IXIQsM4c9N6HEPPjYomM0I1bjIn8\/edit?tab=t.0\" target=\"_self\" rel=\"noopener\" data-brz-link-type=\"external\" data-brz-custom-id=\"pSJb2wVnzM8n\"><span data-brz-translate-text=\"1\" class=\"brz-span brz-text__editor\">Formandens beretning 2019<\/span><\/a><\/div>\n<\/div>\n<\/div>\n<\/div>\n<\/div>\n<\/div>\n<\/div>\n<\/section><\/div>\n<p><!-- version:1762784078 --><\/p>\n","protected":false},"excerpt":{"rendered":"<p>\u00c5rsberetninger \u00c5rsberetning 2024 \u00c5rsberetning 2023 \u00c5rsberetning 2022 \u00c5rsberetning 2021 Formandens beretning 2020 Formandens beretning 2019<\/p>\n","protected":false},"author":1,"featured_media":0,"parent":0,"menu_order":0,"comment_status":"closed","ping_status":"closed","template":"brizy-blank-template.php","meta":{"footnotes":""},"class_list":["post-158","page","type-page","status-publish","hentry","entry"],"brizy_media":[],"_links":{"self":[{"href":"http:\/\/bidragtilghana.dk\/index.php?rest_route=\/wp\/v2\/pages\/158","targetHints":{"allow":["GET"]}}],"collection":[{"href":"http:\/\/bidragtilghana.dk\/index.php?rest_route=\/wp\/v2\/pages"}],"about":[{"href":"http:\/\/bidragtilghana.dk\/index.php?rest_route=\/wp\/v2\/types\/page"}],"author":[{"embeddable":true,"href":"http:\/\/bidragtilghana.dk\/index.php?rest_route=\/wp\/v2\/users\/1"}],"replies":[{"embeddable":true,"href":"http:\/\/bidragtilghana.dk\/index.php?rest_route=%2Fwp%2Fv2%2Fcomments&post=158"}],"version-history":[{"count":3,"href":"http:\/\/bidragtilghana.dk\/index.php?rest_route=\/wp\/v2\/pages\/158\/revisions"}],"predecessor-version":[{"id":422,"href":"http:\/\/bidragtilghana.dk\/index.php?rest_route=\/wp\/v2\/pages\/158\/revisions\/422"}],"wp:attachment":[{"href":"http:\/\/bidragtilghana.dk\/index.php?rest_route=%2Fwp%2Fv2%2Fmedia&parent=158"}],"curies":[{"name":"wp","href":"https:\/\/api.w.org\/{rel}","templated":true}]}}