{"id":159,"date":"2025-10-30T08:20:51","date_gmt":"2025-10-30T08:20:51","guid":{"rendered":"https:\/\/bidragtilghana.dk\/?page_id=159"},"modified":"2026-04-12T18:20:41","modified_gmt":"2026-04-12T18:20:41","slug":"aarsregnskaber","status":"publish","type":"page","link":"http:\/\/bidragtilghana.dk\/?page_id=159","title":{"rendered":"\u00c5rsregnskaber"},"content":{"rendered":"<div class=\"brz brz-root__container brz-reset-all brz-root__container-page\">\n<section id=\"g7ckXpZumScy_g7ckXpZumScy\" class=\"brz-section brz-css-1kh7m8r brz-css-1efi7xz\">\n<div class=\"brz-section__content brz-section--boxed brz-css-1ohi7t9 brz-css-18mnwue\" data-brz-custom-id=\"gJy7yLXr6ddI\">\n<div class=\"brz-bg\">\n<div class=\"brz-bg-color\"><\/div>\n<\/div>\n<div class=\"brz-container brz-css-1hhui5a brz-css-hs9vl8\">\n<div id=\"\" class=\"brz-css-8ezx4h brz-css-135f2g brz-wrapper\">\n<div class=\"brz-rich-text brz-rich-text__custom brz-css-1uiyg3 brz-css-1tocw3j\" data-brz-custom-id=\"sXqyqJUsMkF2\">\n<div data-brz-translate-text=\"1\">\n<h1 data-uniq-id=\"pZUcv\" data-generated-css=\"brz-css-qjLTS\" class=\"brz-tp-lg-heading1 brz-css-kRWF9\"><span class=\"brz-cp-color3\">\u00c5rsregnskaber<\/span><\/h1>\n<\/div>\n<\/div>\n<\/div>\n<\/div>\n<\/div>\n<\/section>\n<section id=\"nxfuArJrPiOT_nxfuArJrPiOT\" class=\"brz-section brz-css-2ohr3w brz-css-ghwe5m\">\n<div class=\"brz-section__content brz-section--boxed brz-css-1set09z brz-css-10vcabm\" data-brz-custom-id=\"c2CTzWwZj8is\">\n<div class=\"brz-bg\">\n<div class=\"brz-bg-color\"><\/div>\n<\/div>\n<div class=\"brz-container brz-css-p73g2d brz-css-k03sw0\">\n<div class=\"brz-row__container brz-css-houtcr brz-css-1xwdr1d\" data-brz-custom-id=\"icZHHKDNkNVD\">\n<div class=\"brz-row brz-css-ctrt50 brz-css-c0ec2g brz-css-tqp7hv\">\n<div class=\"brz-columns brz-css-1au1e3l brz-css-uxrknf\" data-brz-custom-id=\"xeuWIotSp691\">\n<div class=\"brz-column__items brz-css-gza2sw brz-css-17polgf\">\n<div class=\"brz-wrapper-clone brz-flex-xs-wrap brz-css-1mxc014 brz-css-2n76bh\" data-brz-custom-id=\"yqnxsgrQ7nBJ\"><a class=\"brz-a brz-btn brz-css-5n3i27 brz-css-iqc7e brz-css-1cms94e brz-css-12c0ube\" href=\"https:\/\/drive.google.com\/file\/d\/1nSWu-_6GVYSafErzJLjx5WVF_MoDBLty\/view?usp=sharing\" target=\"_blank\" rel=\"noopener noreferrer\" data-brz-link-type=\"external\" data-brz-custom-id=\"w9foJx1AASGY\"><span data-brz-translate-text=\"1\" class=\"brz-span brz-text__editor\">\u00c5rsregnskab 2024<\/span><\/a><\/div>\n<\/div>\n<\/div>\n<div class=\"brz-columns brz-css-1au1e3l brz-css-1jc54ry\" data-brz-custom-id=\"uf6uR9hYcsBv\">\n<div class=\"brz-column__items brz-css-gza2sw brz-css-gqh0ow\">\n<div class=\"brz-wrapper-clone brz-flex-xs-wrap brz-css-1mxc014 brz-css-nmpmnt\" data-brz-custom-id=\"uw1McUSCcZF4\"><a class=\"brz-a brz-btn brz-css-5n3i27 brz-css-rqgvq5 brz-css-1cms94e brz-css-134e7dw\" href=\"https:\/\/drive.google.com\/file\/d\/1fjQFHsDSAXtlfuajq1XVcoTml59hIZ84\/view\" target=\"_blank\" rel=\"noopener noreferrer\" data-brz-link-type=\"external\" data-brz-custom-id=\"mc6kV1pH2aTb\"><span data-brz-translate-text=\"1\" class=\"brz-span brz-text__editor\">\u00c5rsregnskab 2023<\/span><\/a><\/div>\n<\/div>\n<\/div>\n<div class=\"brz-columns brz-css-1au1e3l brz-css-y7fuwz\" data-brz-custom-id=\"zHsDOGsZduXY\">\n<div class=\"brz-column__items brz-css-gza2sw brz-css-1dk1jf9\">\n<div class=\"brz-wrapper-clone brz-flex-xs-wrap brz-css-1mxc014 brz-css-4gztzq\" data-brz-custom-id=\"tYLXGdSUv0n3\"><a class=\"brz-a brz-btn brz-css-5n3i27 brz-css-1bwpko3 brz-css-1cms94e brz-css-3rff67\" href=\"https:\/\/drive.google.com\/file\/d\/1QsNzImIDdBS-5XiZo-O5qRYVFbmCsHPr\/view\" target=\"_blank\" rel=\"noopener noreferrer\" data-brz-link-type=\"external\" data-brz-custom-id=\"ffVliaj5l9Ql\"><span data-brz-translate-text=\"1\" class=\"brz-span brz-text__editor\">\u00c5rsregnskab 2022<\/span><\/a><\/div>\n<\/div>\n<\/div>\n<\/div>\n<\/div>\n<\/div>\n<\/div>\n<\/section>\n<section id=\"eu6Gx7ZDBbaC_eu6Gx7ZDBbaC\" class=\"brz-section brz-css-j6q22o brz-css-ihl82o\">\n<div class=\"brz-section__content brz-section--boxed brz-css-1q0zhu9 brz-css-14rxthl\" data-brz-custom-id=\"hizJCPt9EtmB\">\n<div class=\"brz-bg\">\n<div class=\"brz-bg-color\"><\/div>\n<\/div>\n<div class=\"brz-container brz-css-9anlne brz-css-5r8d96\">\n<div class=\"brz-row__container brz-css-16ckx3u brz-css-1omejll\" data-brz-custom-id=\"jt1Nr0zP51nE\">\n<div class=\"brz-row brz-css-1aakoo4 brz-css-1qufbj7 brz-css-1v4onm3\">\n<div class=\"brz-columns brz-css-1d0g3h6 brz-css-1mdnp2h\" data-brz-custom-id=\"obYxUjVCu7sn\">\n<div class=\"brz-column__items brz-css-ypj11p brz-css-9jhsoy\">\n<div class=\"brz-wrapper-clone brz-flex-xs-wrap brz-css-1xrww5u brz-css-1kzybue\" data-brz-custom-id=\"pUN9UnWC5k1o\"><a class=\"brz-a brz-btn brz-css-1pxbfmp brz-css-1aykthr brz-css-6i2t5d brz-css-rktlx2\" href=\"https:\/\/drive.google.com\/file\/d\/1nta3F3BTOiZooGioUAnX5DY_PVlxgD6E\/view\" target=\"_blank\" rel=\"noopener noreferrer\" data-brz-link-type=\"external\" data-brz-custom-id=\"rOmhXYZABcC2\"><span data-brz-translate-text=\"1\" class=\"brz-span brz-text__editor\">\u00c5rsregnskab 2021<\/span><\/a><\/div>\n<\/div>\n<\/div>\n<div class=\"brz-columns brz-css-1d0g3h6 brz-css-q7wxc0\" data-brz-custom-id=\"lATex4eiMOM7\">\n<div class=\"brz-column__items brz-css-ypj11p brz-css-wkne2h\">\n<div class=\"brz-wrapper-clone brz-flex-xs-wrap brz-css-1xrww5u brz-css-244k16\" data-brz-custom-id=\"q1CuJgSUbtk_\"><a class=\"brz-a brz-btn brz-css-1pxbfmp brz-css-1c047lq brz-css-6i2t5d brz-css-1fj1ur4\" href=\"https:\/\/drive.google.com\/file\/d\/1LjGdfzFmEBjX-ZpMyTULA_f5i2jMickm\/view\" target=\"_blank\" rel=\"noopener noreferrer\" data-brz-link-type=\"external\" data-brz-custom-id=\"jM0ADeEMwviI\"><span data-brz-translate-text=\"1\" class=\"brz-span brz-text__editor\">\u00c5rsregnskab 2020<\/span><\/a><\/div>\n<\/div>\n<\/div>\n<div class=\"brz-columns brz-css-1d0g3h6 brz-css-1tg9ayu\" data-brz-custom-id=\"rlmIo2caD2B5\">\n<div class=\"brz-column__items brz-css-ypj11p brz-css-1se237h\">\n<div class=\"brz-wrapper-clone brz-flex-xs-wrap brz-css-1xrww5u brz-css-csz5aa\" data-brz-custom-id=\"pFuyDJWdMZ1h\"><a class=\"brz-a brz-btn brz-css-1pxbfmp brz-css-1gd15co brz-css-6i2t5d brz-css-m8i69u\" href=\"https:\/\/btghana.wordpress.com\/wp-content\/uploads\/2020\/02\/endelig-acc8arsregnskab-2019-bidrag-til-ghana-.pdf\" target=\"_blank\" rel=\"noopener noreferrer\" data-brz-link-type=\"external\" data-brz-custom-id=\"z8MIuhREhMPw\"><span data-brz-translate-text=\"1\" class=\"brz-span brz-text__editor\">\u00c5rsregnskab 2019<\/span><\/a><\/div>\n<\/div>\n<\/div>\n<\/div>\n<\/div>\n<\/div>\n<\/div>\n<\/section><\/div>\n<p><!-- version:1762784421 --><\/p>\n","protected":false},"excerpt":{"rendered":"<p>\u00c5rsregnskaber \u00c5rsregnskab 2024 \u00c5rsregnskab 2023 \u00c5rsregnskab 2022 \u00c5rsregnskab 2021 \u00c5rsregnskab 2020 \u00c5rsregnskab 2019<\/p>\n","protected":false},"author":1,"featured_media":0,"parent":0,"menu_order":0,"comment_status":"closed","ping_status":"closed","template":"brizy-blank-template.php","meta":{"footnotes":""},"class_list":["post-159","page","type-page","status-publish","hentry","entry"],"brizy_media":[],"_links":{"self":[{"href":"http:\/\/bidragtilghana.dk\/index.php?rest_route=\/wp\/v2\/pages\/159","targetHints":{"allow":["GET"]}}],"collection":[{"href":"http:\/\/bidragtilghana.dk\/index.php?rest_route=\/wp\/v2\/pages"}],"about":[{"href":"http:\/\/bidragtilghana.dk\/index.php?rest_route=\/wp\/v2\/types\/page"}],"author":[{"embeddable":true,"href":"http:\/\/bidragtilghana.dk\/index.php?rest_route=\/wp\/v2\/users\/1"}],"replies":[{"embeddable":true,"href":"http:\/\/bidragtilghana.dk\/index.php?rest_route=%2Fwp%2Fv2%2Fcomments&post=159"}],"version-history":[{"count":3,"href":"http:\/\/bidragtilghana.dk\/index.php?rest_route=\/wp\/v2\/pages\/159\/revisions"}],"predecessor-version":[{"id":425,"href":"http:\/\/bidragtilghana.dk\/index.php?rest_route=\/wp\/v2\/pages\/159\/revisions\/425"}],"wp:attachment":[{"href":"http:\/\/bidragtilghana.dk\/index.php?rest_route=%2Fwp%2Fv2%2Fmedia&parent=159"}],"curies":[{"name":"wp","href":"https:\/\/api.w.org\/{rel}","templated":true}]}}