{"id":167,"date":"2025-10-30T08:21:18","date_gmt":"2025-10-30T08:21:18","guid":{"rendered":"https:\/\/bidragtilghana.dk\/?page_id=167"},"modified":"2026-04-07T06:25:10","modified_gmt":"2026-04-07T06:25:10","slug":"hopin","status":"publish","type":"page","link":"http:\/\/bidragtilghana.dk\/?page_id=167","title":{"rendered":"HOPin"},"content":{"rendered":"<div class=\"brz brz-root__container brz-reset-all brz-root__container-page\">\n<section id=\"rlwTBAdPazxu_rlwTBAdPazxu\" class=\"brz-section brz-css-o5ju9o brz-css-56i1ti\">\n<div class=\"brz-section__content brz-section--boxed brz-css-1tvum3o brz-css-nbv73a\" data-brz-custom-id=\"kx_pV7kMdV1X\">\n<div class=\"brz-bg\">\n<div class=\"brz-bg-color\"><\/div>\n<\/div>\n<div class=\"brz-container brz-css-133fi7c brz-css-hxbagn\">\n<div id=\"\" class=\"brz-css-1k60tjo brz-css-npcx5b brz-wrapper\">\n<div class=\"brz-rich-text brz-rich-text__custom brz-css-m9u6ou brz-css-1ukiwt7\" data-brz-custom-id=\"flPwMc4VULO0\">\n<div data-brz-translate-text=\"1\">\n<h1 class=\"brz-tp-lg-heading1 brz-css-xbQMI\" data-uniq-id=\"ubzr6\" data-generated-css=\"brz-css-zulWs\"><span class=\"brz-cp-color3 brz-bgp-color8\">HOPin Academy<\/span><\/h1>\n<\/div>\n<\/div>\n<\/div>\n<\/div>\n<\/div>\n<\/section>\n<section id=\"bquvGpW4apuH_bquvGpW4apuH\" class=\"brz-section brz-css-1kln3x7 brz-css-1onzh4x\">\n<div class=\"brz-section__content brz-section--boxed brz-css-1chgeek brz-css-1m6bo59\" data-brz-custom-id=\"uUpxBG1EsqOd\">\n<div class=\"brz-container brz-css-xzpoaj brz-css-1raieiy\">\n<div id=\"\" class=\"brz-css-y75b89 brz-css-ez3yc2 brz-wrapper\">\n<div class=\"brz-image brz-css-9g2gek brz-css-j59r35\" data-brz-custom-id=\"vQ5abwHRnerV\"><img decoding=\"async\" class=\"brz-img\" src=\"https:\/\/bidragtilghana.dk\/wp-content\/uploads\/2025\/10\/2h7a6517-scaled.jpg\" loading=\"lazy\" alt=\"\" title=\"2h7a6517\"><\/div>\n<\/div>\n<div id=\"\" class=\"brz-css-y75b89 brz-css-15ty9i6 brz-wrapper\">\n<div class=\"brz-rich-text brz-rich-text__custom brz-css-uorzxj brz-css-1e0bz24\" data-brz-custom-id=\"v_IPbAIyMWwr\">\n<div data-brz-translate-text=\"1\">\n<p data-generated-css=\"brz-css-nCWoE\" data-uniq-id=\"mvIn7\" class=\"brz-tp-lg-paragraph brz-css-hxBoN\"><a class=\"brz-cp-color1 link--external\" href=\"https:\/\/www.hopinacademy.org\/\" data-brz-link-type=\"external\" target=\"_blank\" rel=\"noreferrer noopener\"><strong>HOPin Academy<\/strong><\/a><span class=\"brz-cp-color1\">&nbsp;er et uddannelses-&nbsp;og innovationscenter beliggende i Tamale, Nordghana. Organisationen blev grundlagt med det form\u00e5l at st\u00f8tte unge mennesker i at udvikle kompetencer med henblik p\u00e5 at skabe b\u00e6redygtige virksomheder og finde innovative l\u00f8sninger p\u00e5 lokale udfordringer. Bedre uddannelse og et driftigt iv\u00e6rks\u00e6ttermilj\u00f8 er en m\u00e5de at modvirke migrationen mod de store byer i det sydlige Ghana.<\/span><\/p>\n<p class=\"brz-tp-lg-paragraph brz-css-oN37O\" data-generated-css=\"brz-css-nCWoE\" data-uniq-id=\"mvIn7\"><\/p>\n<p data-generated-css=\"brz-css-tVXJj\" data-uniq-id=\"udvMn\" class=\"brz-tp-lg-paragraph brz-css-xodCu\"><span class=\"brz-cp-color1\">HOPin Academy arbejder med en praksisorienteret tilgang, hvor unge tilbydes tr\u00e6ning, mentorst\u00f8tte, faglige og sociale netv\u00e6rk, som giver dem mulighed for at realisere deres ideer og bidrage til at styrke og udvikle lokalomr\u00e5det. HOPin fokuserer is\u00e6r p\u00e5 teknologi, kreativitet, samarbejde og iv\u00e6rks\u00e6tteri, som drivkr\u00e6fter for udvikling.Et centralt aspekt for HOPin Academy er engagementet i social forandring og den enkeltes mulighed for at leve et frit liv. Projekterne er rettet mod at skabe muligheder for udsatte grupper, herunder med et s\u00e6rligt fokus p\u00e5 at st\u00f8tte kvindelige iv\u00e6rks\u00e6ttere. Gennem partnerskaber med organisationer som&nbsp;<\/span><em class=\"brz-cp-color1\">Bidrag til Ghana<\/em><span class=\"brz-cp-color1\">&nbsp;og initiativer som Northern Social Enterprises Network arbejder HOPin Academy p\u00e5 at styrke forbindelser mellem lokalsamfund, kommunale og statslige institutioner&nbsp;samt internationale akt\u00f8rer for at fremme b\u00e6redygtig v\u00e6kst.<\/span><\/p>\n<p class=\"brz-tp-lg-paragraph brz-css-ge871\" data-generated-css=\"brz-css-tVXJj\" data-uniq-id=\"udvMn\"><\/p>\n<p class=\"brz-tp-lg-paragraph brz-css-ikcdu\" data-generated-css=\"brz-css-wTFka\" data-uniq-id=\"zXYra\"><a class=\"brz-cp-color1 link--external\" href=\"https:\/\/globalnyt.dk\/han-ledte-efter-anders-midtgaard-men-fandt-sit-kald-nu-uddanner-han-ivaerksaettere-i-ghana-og-har-skabt-2-000-jobs\/\" data-brz-link-type=\"external\" target=\"_blank\" rel=\"noreferrer noopener\">Artikel om Maccarthy<\/a><\/p>\n<\/div>\n<\/div>\n<\/div>\n<\/div>\n<\/div>\n<\/section><\/div>\n<p><!-- version:1762782156 --><\/p>\n","protected":false},"excerpt":{"rendered":"<p>HOPin Academy HOPin Academy&nbsp;er et uddannelses-&nbsp;og innovationscenter beliggende i Tamale, Nordghana. Organisationen blev grundlagt med det form\u00e5l at st\u00f8tte unge mennesker i at udvikle kompetencer med henblik p\u00e5 at skabe b\u00e6redygtige virksomheder og finde innovative l\u00f8sninger p\u00e5 lokale udfordringer. Bedre uddannelse og et driftigt iv\u00e6rks\u00e6ttermilj\u00f8 er en m\u00e5de at modvirke migrationen mod de store byer &hellip; <\/p>\n<p class=\"link-more\"><a href=\"http:\/\/bidragtilghana.dk\/?page_id=167\" class=\"more-link\">Continue reading<span class=\"screen-reader-text\"> &#8220;HOPin&#8221;<\/span><\/a><\/p>\n","protected":false},"author":1,"featured_media":0,"parent":0,"menu_order":0,"comment_status":"closed","ping_status":"closed","template":"brizy-blank-template.php","meta":{"footnotes":""},"class_list":["post-167","page","type-page","status-publish","hentry","entry"],"brizy_media":[{"id":54,"url":"http:\/\/bidragtilghana.dk\/wp-content\/uploads\/2025\/10\/2h7a6517-scaled.jpg","name":"2h7a6517.jpg","meta":{"brizy_attachment_uid":"wp-4676e31946a8acd52301e489136f0ae6.jpg","brizy_post_uid":["0a24b528c55c33a326831626f79e5993","b6fa95dbc7c14739354d966b0d6f9955"]}}],"_links":{"self":[{"href":"http:\/\/bidragtilghana.dk\/index.php?rest_route=\/wp\/v2\/pages\/167","targetHints":{"allow":["GET"]}}],"collection":[{"href":"http:\/\/bidragtilghana.dk\/index.php?rest_route=\/wp\/v2\/pages"}],"about":[{"href":"http:\/\/bidragtilghana.dk\/index.php?rest_route=\/wp\/v2\/types\/page"}],"author":[{"embeddable":true,"href":"http:\/\/bidragtilghana.dk\/index.php?rest_route=\/wp\/v2\/users\/1"}],"replies":[{"embeddable":true,"href":"http:\/\/bidragtilghana.dk\/index.php?rest_route=%2Fwp%2Fv2%2Fcomments&post=167"}],"version-history":[{"count":3,"href":"http:\/\/bidragtilghana.dk\/index.php?rest_route=\/wp\/v2\/pages\/167\/revisions"}],"predecessor-version":[{"id":407,"href":"http:\/\/bidragtilghana.dk\/index.php?rest_route=\/wp\/v2\/pages\/167\/revisions\/407"}],"wp:attachment":[{"href":"http:\/\/bidragtilghana.dk\/index.php?rest_route=%2Fwp%2Fv2%2Fmedia&parent=167"}],"curies":[{"name":"wp","href":"https:\/\/api.w.org\/{rel}","templated":true}]}}