{"id":185,"date":"2025-10-30T08:22:12","date_gmt":"2025-10-30T08:22:12","guid":{"rendered":"https:\/\/bidragtilghana.dk\/?page_id=185"},"modified":"2026-04-07T16:18:02","modified_gmt":"2026-04-07T16:18:02","slug":"partnerskabsmoeder","status":"publish","type":"page","link":"http:\/\/bidragtilghana.dk\/?page_id=185","title":{"rendered":"Partnerskabsm\u00f8der"},"content":{"rendered":"<div class=\"brz brz-root__container brz-reset-all brz-root__container-page\">\n<section id=\"pOIwfAULzRy7_pOIwfAULzRy7\" class=\"brz-section brz-css-1e39he3 brz-css-tdrje8\">\n<div class=\"brz-section__content brz-section--boxed brz-css-ezb0h5 brz-css-9bm6ue\" data-brz-custom-id=\"djDeGodgKe2N\">\n<div class=\"brz-container brz-css-1tw9wxq brz-css-17x266s\">\n<div id=\"\" class=\"brz-css-1ubx4op brz-css-eow2cy brz-wrapper\">\n<div class=\"brz-rich-text brz-rich-text__custom brz-css-arftrh brz-css-1xt5zh3\" data-brz-custom-id=\"h3jOywqMIOJu\">\n<div data-brz-translate-text=\"1\">\n<h1 class=\"brz-tp-lg-heading1 brz-css-xZ26i\" data-generated-css=\"brz-css-dMCoh\" data-uniq-id=\"ruPBJ\"><span class=\"brz-cp-color3\">Hvad er et partnerskabsm\u00f8de ?<\/span><\/h1>\n<\/div>\n<\/div>\n<\/div>\n<div id=\"\" class=\"brz-css-1ubx4op brz-css-1048ddr brz-wrapper\">\n<div class=\"brz-image brz-css-ibnfsc brz-css-7gp8xb\" data-brz-custom-id=\"bKLiJy7pSBOv\"><img decoding=\"async\" class=\"brz-img\" src=\"https:\/\/bidragtilghana.dk\/wp-content\/uploads\/2025\/10\/partnerskabsmoder-hvad-er-et-partner-scaled.jpg\" loading=\"lazy\" alt=\"\" title=\"partnerskabsmoder-hvad-er-et-partner\"><\/div>\n<\/div>\n<div id=\"\" class=\"brz-css-1ubx4op brz-css-tthn1m brz-wrapper\">\n<div class=\"brz-rich-text brz-rich-text__custom brz-css-arftrh brz-css-1dvthdl\" data-brz-custom-id=\"goHqwVFLCHdJ\">\n<div data-brz-translate-text=\"1\">\n<p class=\"brz-tp-lg-paragraph brz-css-q9XZj\" data-generated-css=\"brz-css-wrcR1\" data-uniq-id=\"jLOWr\"><span class=\"brz-cp-color1\">Partnerskabet mellem \u2018Bidrag til Ghana\u2019 og \u2018HOPin Academy\u2019 er et samarbejde om at n\u00e5 vores f\u00e6lles m\u00e5l.&nbsp;<\/span><\/p>\n<p class=\"brz-tp-lg-paragraph brz-css-cj9bH\" data-generated-css=\"brz-css-hINBS\" data-uniq-id=\"zlaqc\"><span class=\"brz-cp-color1\">Hvert \u00e5r rejser 2 fra bestyrelsen til partnerskabsm\u00f8de i Tamale, hvor de monitorerer projekterne og udveksler ideer og synspunkter, hvilket giver stor l\u00e6ring for begge parter.<\/span><\/p>\n<p class=\"brz-tp-lg-paragraph brz-css-sZAQj\" data-generated-css=\"brz-css-oNFxg\" data-uniq-id=\"thHPK\"><span class=\"brz-cp-color1\">HOPin Academy og Bidrag til Ghanas partnerskab har udviklet sig til et solidt, godt og tillidsfuldt samarbejde, hvor fokus altid er p\u00e5 de f\u00e6lles projekter, men ogs\u00e5&nbsp;udvikling af et aktivt og samarbejdende milj\u00f8 med f\u00e6lles v\u00e6rdier. Samarbejdet er pr\u00e6get af stort engagement og tro p\u00e5, at vores indsats g\u00f8r en forskel.<\/span><\/p>\n<p class=\"brz-tp-lg-paragraph brz-css-vmzgF\" data-generated-css=\"brz-css-n2UQo\" data-uniq-id=\"tEscP\"><span class=\"brz-cp-color1\">Bidrag til Ghana samarbejder t\u00e6t med HOPin Academy, som tr\u00e6ner de unge og hj\u00e6lper dem med at etablere oftest sm\u00e5 virksomheder inden for omr\u00e5der som landbrug, f\u00f8devareproduktion, tekstil og design, personlig pleje:fris\u00f8rer og kosmetik, h\u00e5ndv\u00e6rk, IT og grafisk design, sundhed e.a.<\/span><\/p>\n<p class=\"brz-tp-lg-paragraph brz-css-lCrrw\" data-generated-css=\"brz-css-ufxky\" data-uniq-id=\"lWANu\"><span class=\"brz-cp-color1\">Rollen som partnerorganisation er at fundraise og monitorere. Bidrag til Ghana s\u00f8ger hovedsageligt penge fra Cisu (Civilsamfundspuljen under Udenrigsministeriet) til projekterne. Det er vigtigt for partnerskabet, at de f\u00e6lles projekter har rod i lokale ideer og behov, som hovedsageligt formuleres af HOPin`s medarbejdere, men i t\u00e6t sparring med Bidrag til Ghana. HOPin`s medarbejdere har kompetencerne til at lave hensigtsm\u00e6ssige strategier og til at udf\u00f8re projekterne i praksis.<\/span><\/p>\n<\/div>\n<\/div>\n<\/div>\n<\/div>\n<\/div>\n<\/section><\/div>\n<p><!-- version:1762348160 --><\/p>\n","protected":false},"excerpt":{"rendered":"<p>Hvad er et partnerskabsm\u00f8de ? Partnerskabet mellem \u2018Bidrag til Ghana\u2019 og \u2018HOPin Academy\u2019 er et samarbejde om at n\u00e5 vores f\u00e6lles m\u00e5l.&nbsp; Hvert \u00e5r rejser 2 fra bestyrelsen til partnerskabsm\u00f8de i Tamale, hvor de monitorerer projekterne og udveksler ideer og synspunkter, hvilket giver stor l\u00e6ring for begge parter. HOPin Academy og Bidrag til Ghanas partnerskab &hellip; <\/p>\n<p class=\"link-more\"><a href=\"http:\/\/bidragtilghana.dk\/?page_id=185\" class=\"more-link\">Continue reading<span class=\"screen-reader-text\"> &#8220;Partnerskabsm\u00f8der&#8221;<\/span><\/a><\/p>\n","protected":false},"author":1,"featured_media":0,"parent":0,"menu_order":0,"comment_status":"closed","ping_status":"closed","template":"brizy-blank-template.php","meta":{"footnotes":""},"class_list":["post-185","page","type-page","status-publish","hentry","entry"],"brizy_media":[{"id":34,"url":"http:\/\/bidragtilghana.dk\/wp-content\/uploads\/2025\/10\/partnerskabsmoder-hvad-er-et-partner-scaled.jpg","name":"partnerskabsmoder-hvad-er-et-partner.jpg","meta":{"brizy_attachment_uid":"wp-27b20b1fa1fea63f75a58eaab6a83ccc.jpg","brizy_post_uid":["998d89e006938afdcf33d5446cf01d56","a04f7fc9e11ad6b16afec70de4b081a8"]}}],"_links":{"self":[{"href":"http:\/\/bidragtilghana.dk\/index.php?rest_route=\/wp\/v2\/pages\/185","targetHints":{"allow":["GET"]}}],"collection":[{"href":"http:\/\/bidragtilghana.dk\/index.php?rest_route=\/wp\/v2\/pages"}],"about":[{"href":"http:\/\/bidragtilghana.dk\/index.php?rest_route=\/wp\/v2\/types\/page"}],"author":[{"embeddable":true,"href":"http:\/\/bidragtilghana.dk\/index.php?rest_route=\/wp\/v2\/users\/1"}],"replies":[{"embeddable":true,"href":"http:\/\/bidragtilghana.dk\/index.php?rest_route=%2Fwp%2Fv2%2Fcomments&post=185"}],"version-history":[{"count":4,"href":"http:\/\/bidragtilghana.dk\/index.php?rest_route=\/wp\/v2\/pages\/185\/revisions"}],"predecessor-version":[{"id":390,"href":"http:\/\/bidragtilghana.dk\/index.php?rest_route=\/wp\/v2\/pages\/185\/revisions\/390"}],"wp:attachment":[{"href":"http:\/\/bidragtilghana.dk\/index.php?rest_route=%2Fwp%2Fv2%2Fmedia&parent=185"}],"curies":[{"name":"wp","href":"https:\/\/api.w.org\/{rel}","templated":true}]}}