{"id":250,"date":"2025-10-30T08:38:55","date_gmt":"2025-10-30T08:38:55","guid":{"rendered":"https:\/\/bidragtilghana.dk\/?page_id=250"},"modified":"2026-04-08T08:13:43","modified_gmt":"2026-04-08T08:13:43","slug":"northern-social-enterprises-for-development","status":"publish","type":"page","link":"http:\/\/bidragtilghana.dk\/?page_id=250","title":{"rendered":"Northern Social Enterprises for\u00a0Development"},"content":{"rendered":"<div class=\"brz brz-root__container brz-reset-all brz-root__container-page\">\n<section id=\"oyhhiUwK6rqn_oyhhiUwK6rqn\" class=\"brz-section brz-css-genrgg brz-css-46944e\">\n<div class=\"brz-section__content brz-section--boxed brz-css-ximxi brz-css-1buvh42\" data-brz-custom-id=\"j_vH3oGX8Vlo\">\n<div class=\"brz-container brz-css-19nwfa6 brz-css-1dnjjq2\">\n<div id=\"\" class=\"brz-css-1tej22h brz-css-14g5bzi brz-wrapper\">\n<div class=\"brz-rich-text brz-rich-text__custom brz-css-se92t3 brz-css-wd6va1\" data-brz-custom-id=\"laSePvBayPUc\">\n<div data-brz-translate-text=\"1\">\n<h1 class=\"brz-tp-lg-heading1 brz-css-ed3DE\" data-generated-css=\"brz-css-dzT5j\" data-uniq-id=\"pJIxh\"><span class=\"brz-cp-color3\">Northern Social Enterprises for&nbsp;Development<\/span><\/h1>\n<\/div>\n<\/div>\n<\/div>\n<div id=\"\" class=\"brz-css-1tej22h brz-css-1be6da4 brz-wrapper\">\n<div class=\"brz-image brz-css-cahilo brz-css-iflyad\" data-brz-custom-id=\"yibPYXzvED_g\"><img decoding=\"async\" class=\"brz-img\" src=\"https:\/\/bidragtilghana.dk\/wp-content\/uploads\/2025\/10\/northern-social-enterprises-scaled.jpg\" loading=\"lazy\" alt=\"\" title=\"northern-social-enterprises\"><\/div>\n<\/div>\n<div id=\"\" class=\"brz-css-1tej22h brz-css-meanrr brz-wrapper\">\n<div class=\"brz-rich-text brz-rich-text__custom brz-css-se92t3 brz-css-1frsx1k\" data-brz-custom-id=\"vhPiheULx07C\">\n<div data-brz-translate-text=\"1\">\n<p class=\"brz-tp-lg-paragraph brz-css-akN5d\" data-uniq-id=\"oAtq6\" data-generated-css=\"brz-css-hMjMK\"><span class=\"brz-bgp-color8 brz-cp-color7\">Det overordnede m\u00e5l for NSEfD er at forbedre levevilk\u00e5rene i det nordlige Ghana ved at forbedre samarbejdsmulighederne for unge, udfordrede iv\u00e6rks\u00e6ttere. Ved at g\u00f8re dette vil det fremme lokal, \u00f8konomisk v\u00e6kst og dermed bidrage til at bek\u00e6mpe fattigdom og ulighed. Samtidig vil dette tiltag underst\u00f8tte de enkelte virksomheders b\u00e6redygtighed.<\/span><\/p>\n<\/div>\n<\/div>\n<\/div>\n<div id=\"\" class=\"brz-css-1tej22h brz-css-16ldam2 brz-wrapper\">\n<div class=\"brz-image brz-css-56h8lr brz-css-1nzsyq4\" data-brz-custom-id=\"ftzDGOLDhKSF\"><img decoding=\"async\" class=\"brz-img\" src=\"https:\/\/bidragtilghana.dk\/wp-content\/uploads\/2025\/10\/projekter-northern-social-enterprises-2-billeder.bidrag-til-ghana-kerneopgave.jpg\" loading=\"lazy\" alt=\"\" title=\"projekter-northern-social-enterprises-2-billeder.bidrag-til-ghana-kerneopgave\"><\/div>\n<\/div>\n<div id=\"\" class=\"brz-css-1tej22h brz-css-171w63t brz-wrapper\">\n<div class=\"brz-rich-text brz-rich-text__custom brz-css-se92t3 brz-css-1gg7nhp\" data-brz-custom-id=\"r9Xoyy3W8MVi\">\n<div data-brz-translate-text=\"1\">\n<p class=\"brz-tp-lg-paragraph brz-css-dKj9H\" data-generated-css=\"brz-css-wInFT\" data-uniq-id=\"obi_w\"><span class=\"brz-cp-color1\">Derudover vil projektet bygge en b\u00e6redygtig, rettighedsbaseret organisation kaldet Northern Social Enterprise Network (NSEN) best\u00e5ende af 150 unge iv\u00e6rks\u00e6ttere. Organisationens m\u00e5l er at engagere og st\u00f8tte de unge iv\u00e6rks\u00e6ttere (medlemmer) til at styrke deres bevidsthed og kapacitet til at engagere sig i fortalervirksomhed og opn\u00e5 b\u00e6redygtighed. Det vil give dem en mere magtfuld stemme over for det politiske system. Organisationen vil oprette mindre faglige netv\u00e6rk opdelt efter iv\u00e6rks\u00e6tternes fagomr\u00e5der. I disse sm\u00e5 netv\u00e6rk vil den enkelte kunne udvikle personlig kapacitet, udveksle erfaringer med andre og&nbsp;finde mod til at dele ideer og udfordringer osv.<\/span><\/p>\n<p class=\"brz-tp-lg-paragraph brz-css-cy0_T\" data-generated-css=\"brz-css-z0Dqo\" data-uniq-id=\"o_kH7\"><a class=\"link--external brz-cp-color5\" href=\"https:\/\/docs.google.com\/document\/d\/1-6lO2XDuLgZ765CFFDBTP4CaNqbEhNc6\/edit?usp=sharing&amp;ouid=114751423024051961130&amp;rtpof=true&amp;sd=true\" data-brz-link-type=\"external\">Link til ans\u00f8gning<\/a><\/p>\n<p class=\"brz-tp-lg-paragraph brz-css-jhzSU\" data-generated-css=\"brz-css-bcxMi\" data-uniq-id=\"d5ItA\"><span class=\"brz-cp-color1\">(01.02.2022 \u2013 31.05.2024)<\/span><\/p>\n<\/div>\n<\/div>\n<\/div>\n<\/div>\n<\/div>\n<\/section><\/div>\n<p><!-- version:1762347463 --><\/p>\n","protected":false},"excerpt":{"rendered":"<p>Northern Social Enterprises for&nbsp;Development Det overordnede m\u00e5l for NSEfD er at forbedre levevilk\u00e5rene i det nordlige Ghana ved at forbedre samarbejdsmulighederne for unge, udfordrede iv\u00e6rks\u00e6ttere. Ved at g\u00f8re dette vil det fremme lokal, \u00f8konomisk v\u00e6kst og dermed bidrage til at bek\u00e6mpe fattigdom og ulighed. Samtidig vil dette tiltag underst\u00f8tte de enkelte virksomheders b\u00e6redygtighed. Derudover vil &hellip; <\/p>\n<p class=\"link-more\"><a href=\"http:\/\/bidragtilghana.dk\/?page_id=250\" class=\"more-link\">Continue reading<span class=\"screen-reader-text\"> &#8220;Northern Social Enterprises for\u00a0Development&#8221;<\/span><\/a><\/p>\n","protected":false},"author":1,"featured_media":0,"parent":0,"menu_order":0,"comment_status":"closed","ping_status":"closed","template":"brizy-blank-template.php","meta":{"footnotes":""},"class_list":["post-250","page","type-page","status-publish","hentry","entry"],"brizy_media":[{"id":29,"url":"http:\/\/bidragtilghana.dk\/wp-content\/uploads\/2025\/10\/northern-social-enterprises-scaled.jpg","name":"northern-social-enterprises.jpg","meta":{"brizy_attachment_uid":"wp-9dbe61c1c9c70ead6bc6edaac54866de.jpg","brizy_post_uid":["fbb5c97eb00e67d58c0d235a0d647a21","e39503d56df65957bc2d6d37fa1d35dd"]}},{"id":30,"url":"http:\/\/bidragtilghana.dk\/wp-content\/uploads\/2025\/10\/projekter-northern-social-enterprises-2-billeder.bidrag-til-ghana-kerneopgave.jpg","name":"projekter-northern-social-enterprises-2-billeder.bidrag-til-ghana-kerneopgave.jpg","meta":{"brizy_attachment_uid":"wp-3eeb2898041ff5b4116f09d613e9b74f.jpg","brizy_post_uid":["fbb5c97eb00e67d58c0d235a0d647a21"]}}],"_links":{"self":[{"href":"http:\/\/bidragtilghana.dk\/index.php?rest_route=\/wp\/v2\/pages\/250","targetHints":{"allow":["GET"]}}],"collection":[{"href":"http:\/\/bidragtilghana.dk\/index.php?rest_route=\/wp\/v2\/pages"}],"about":[{"href":"http:\/\/bidragtilghana.dk\/index.php?rest_route=\/wp\/v2\/types\/page"}],"author":[{"embeddable":true,"href":"http:\/\/bidragtilghana.dk\/index.php?rest_route=\/wp\/v2\/users\/1"}],"replies":[{"embeddable":true,"href":"http:\/\/bidragtilghana.dk\/index.php?rest_route=%2Fwp%2Fv2%2Fcomments&post=250"}],"version-history":[{"count":3,"href":"http:\/\/bidragtilghana.dk\/index.php?rest_route=\/wp\/v2\/pages\/250\/revisions"}],"predecessor-version":[{"id":379,"href":"http:\/\/bidragtilghana.dk\/index.php?rest_route=\/wp\/v2\/pages\/250\/revisions\/379"}],"wp:attachment":[{"href":"http:\/\/bidragtilghana.dk\/index.php?rest_route=%2Fwp%2Fv2%2Fmedia&parent=250"}],"curies":[{"name":"wp","href":"https:\/\/api.w.org\/{rel}","templated":true}]}}