{"id":252,"date":"2025-10-30T08:39:46","date_gmt":"2025-10-30T08:39:46","guid":{"rendered":"https:\/\/bidragtilghana.dk\/?page_id=252"},"modified":"2026-04-07T07:28:08","modified_gmt":"2026-04-07T07:28:08","slug":"youth-empowerment-for-peaceful-elections-in-northern-ghana","status":"publish","type":"page","link":"http:\/\/bidragtilghana.dk\/?page_id=252","title":{"rendered":"Youth Empowerment for Peaceful Elections in Northern\u00a0Ghana"},"content":{"rendered":"<div class=\"brz brz-root__container brz-reset-all brz-root__container-page\">\n<section id=\"dOmPqESW80Hk_dOmPqESW80Hk\" class=\"brz-section brz-css-1577abh brz-css-venf7\">\n<div class=\"brz-section__content brz-section--boxed brz-css-1c4o6c5 brz-css-1ntg91m\" data-brz-custom-id=\"bEAYAC8KxAnr\">\n<div class=\"brz-container brz-css-1edlfaq brz-css-6p5io9\">\n<div id=\"\" class=\"brz-css-z6qg2a brz-css-10ay73p brz-wrapper\">\n<div class=\"brz-rich-text brz-rich-text__custom brz-css-mnx5g8 brz-css-1s7ny5m\" data-brz-custom-id=\"i5OlonhwqF5P\">\n<div data-brz-translate-text=\"1\">\n<h1 class=\"brz-tp-lg-heading1 brz-css-n7Xhg\" data-generated-css=\"brz-css-m5JQU\" data-uniq-id=\"aZ_yu\"><span class=\"brz-cp-color3\">Youth Empowerment for Peaceful Elections in Northern&nbsp;Ghana<\/span><\/h1>\n<\/div>\n<\/div>\n<\/div>\n<div class=\"brz-row__container brz-css-1x68oek brz-css-y82rpc\" data-brz-custom-id=\"meEDisHo9XYD\">\n<div class=\"brz-row brz-css-1nwgkes brz-css-7pkn54 brz-css-1fvbc0e\">\n<div class=\"brz-columns brz-css-b93lu7 brz-css-1pvjqer\" data-brz-custom-id=\"gdGKb4QNSLOY\">\n<div class=\"brz-column__items brz-css-5ucq8q brz-css-1l5akn2\">\n<div id=\"\" class=\"brz-css-z6qg2a brz-css-ovgvl4 brz-wrapper\">\n<div class=\"brz-image brz-css-6k6zmq brz-css-1pxb9k3\" data-brz-custom-id=\"on0v6OvL2oXe\"><img decoding=\"async\" class=\"brz-img\" src=\"https:\/\/bidragtilghana.dk\/wp-content\/uploads\/2025\/10\/projekter-youth-empowerment-2-billeder-scaled.jpg\" loading=\"lazy\" alt=\"\" title=\"projekter-youth-empowerment-2-billeder\"><\/div>\n<\/div>\n<\/div>\n<\/div>\n<div class=\"brz-columns brz-css-b93lu7 brz-css-ex5bl8\" data-brz-custom-id=\"eAgIJUaOdPuS\">\n<div class=\"brz-column__items brz-css-5ucq8q brz-css-k8ciia\">\n<div id=\"\" class=\"brz-css-z6qg2a brz-css-1vfbtuc brz-wrapper\">\n<div class=\"brz-rich-text brz-rich-text__custom brz-css-mnx5g8 brz-css-ewq6s3\" data-brz-custom-id=\"wHt6BE1Nkq1j\">\n<div data-brz-translate-text=\"1\">\n<p class=\"brz-tp-lg-paragraph brz-css-kzMkM\" data-generated-css=\"brz-css-serFg\" data-uniq-id=\"tgZxN\"><span class=\"brz-cp-color7 brz-bgp-color8\">N\u00e5r Ghanas valg n\u00e6rmer sig i december 2024, trues stabilitet og demokratisk integritet pga. interne sp\u00e6ndinger, is\u00e6r i det nordlige Ghana. H\u00f8j ungdomsarbejdsl\u00f8shed, politisk marginalisering og historiske stammekonflikter skaber et ustabilt milj\u00f8, hvor unge b\u00e5de er voldsud\u00f8vere og ofre for vold, hvilket underminerer valgprocesserne og forv\u00e6rrer de socio\u00f8konomiske uligheder. For at l\u00f8se dette foresl\u00e5r HOPin Academy initiativet \u201cYouth Empowerment for Peaceful Elections\u201d. Her udnytter HOPin deres ekspertise inden for politisk dialog, samfundsengagement og styrkelse af unge. Dette initiativ har til form\u00e5l at \u00f8ge de unges bevidsthed om fredelige valg, reducere vold, \u00f8ge engagementet og fremme et stabilt og demokratisk milj\u00f8 i det nordlige Ghana. Initiativet skal fremme en langsigtet socio\u00f8konomisk udvikling.<\/span><\/p>\n<\/div>\n<\/div>\n<\/div>\n<\/div>\n<\/div>\n<\/div>\n<\/div>\n<div id=\"\" class=\"brz-css-z6qg2a brz-css-10z7qy5 brz-wrapper\">\n<div class=\"brz-image brz-css-td4mp2 brz-css-m2zrr8\" data-brz-custom-id=\"zZolo0lDDipX\"><img decoding=\"async\" class=\"brz-img\" src=\"https:\/\/bidragtilghana.dk\/wp-content\/uploads\/2025\/10\/projekter-youth-empowerment-2-billeder-1-scaled.jpg\" loading=\"lazy\" alt=\"\" title=\"projekter-youth-empowerment-2-billeder-1\"><\/div>\n<\/div>\n<div id=\"\" class=\"brz-css-z6qg2a brz-css-1xixvfc brz-wrapper\">\n<div class=\"brz-rich-text brz-rich-text__custom brz-css-mnx5g8 brz-css-emx33t\" data-brz-custom-id=\"p3eqK2IvDc1o\">\n<div data-brz-translate-text=\"1\">\n<p class=\"brz-tp-lg-paragraph brz-css-tK4u8\" data-generated-css=\"brz-css-rWRa4\" data-uniq-id=\"iIC7k\"><a class=\"brz-bgp-color8 link--external brz-cp-color5\" href=\"https:\/\/docs.google.com\/document\/d\/1s_OqpW2KfI9MTLIA2AFQh6efs_uz3NjAx3vqCqRFpA4\/edit?usp=sharing\" data-brz-link-type=\"external\">Link til ans\u00f8gning<\/a><\/p>\n<p class=\"brz-tp-lg-paragraph brz-css-n0A0k\" data-generated-css=\"brz-css-vhLXp\" data-uniq-id=\"th5_Y\"><span class=\"brz-cp-color7 brz-bgp-color8\">(01.08.2024 \u2013 01.12.2024)<\/span><\/p>\n<\/div>\n<\/div>\n<\/div>\n<\/div>\n<\/div>\n<\/section><\/div>\n<p><!-- version:1762347817 --><\/p>\n","protected":false},"excerpt":{"rendered":"<p>Youth Empowerment for Peaceful Elections in Northern&nbsp;Ghana N\u00e5r Ghanas valg n\u00e6rmer sig i december 2024, trues stabilitet og demokratisk integritet pga. interne sp\u00e6ndinger, is\u00e6r i det nordlige Ghana. H\u00f8j ungdomsarbejdsl\u00f8shed, politisk marginalisering og historiske stammekonflikter skaber et ustabilt milj\u00f8, hvor unge b\u00e5de er voldsud\u00f8vere og ofre for vold, hvilket underminerer valgprocesserne og forv\u00e6rrer de socio\u00f8konomiske &hellip; <\/p>\n<p class=\"link-more\"><a href=\"http:\/\/bidragtilghana.dk\/?page_id=252\" class=\"more-link\">Continue reading<span class=\"screen-reader-text\"> &#8220;Youth Empowerment for Peaceful Elections in Northern\u00a0Ghana&#8221;<\/span><\/a><\/p>\n","protected":false},"author":1,"featured_media":0,"parent":0,"menu_order":0,"comment_status":"closed","ping_status":"closed","template":"brizy-blank-template.php","meta":{"footnotes":""},"class_list":["post-252","page","type-page","status-publish","hentry","entry"],"brizy_media":[{"id":31,"url":"http:\/\/bidragtilghana.dk\/wp-content\/uploads\/2025\/10\/projekter-youth-empowerment-2-billeder-scaled.jpg","name":"projekter-youth-empowerment-2-billeder.jpg","meta":{"brizy_attachment_uid":"wp-3a3fe3070111ed0f4ec837cbba63f55a.jpg","brizy_post_uid":["ad535d7f12395fab85c2b35b220db521","e39503d56df65957bc2d6d37fa1d35dd"]}},{"id":32,"url":"http:\/\/bidragtilghana.dk\/wp-content\/uploads\/2025\/10\/projekter-youth-empowerment-2-billeder-1-scaled.jpg","name":"projekter-youth-empowerment-2-billeder-1.jpg","meta":{"brizy_attachment_uid":"wp-b9a51eefe7e8a990fec5aff23b345c8a.jpg","brizy_post_uid":["b293821f4055232a684792419e9a97f8","ad535d7f12395fab85c2b35b220db521"]}}],"_links":{"self":[{"href":"http:\/\/bidragtilghana.dk\/index.php?rest_route=\/wp\/v2\/pages\/252","targetHints":{"allow":["GET"]}}],"collection":[{"href":"http:\/\/bidragtilghana.dk\/index.php?rest_route=\/wp\/v2\/pages"}],"about":[{"href":"http:\/\/bidragtilghana.dk\/index.php?rest_route=\/wp\/v2\/types\/page"}],"author":[{"embeddable":true,"href":"http:\/\/bidragtilghana.dk\/index.php?rest_route=\/wp\/v2\/users\/1"}],"replies":[{"embeddable":true,"href":"http:\/\/bidragtilghana.dk\/index.php?rest_route=%2Fwp%2Fv2%2Fcomments&post=252"}],"version-history":[{"count":3,"href":"http:\/\/bidragtilghana.dk\/index.php?rest_route=\/wp\/v2\/pages\/252\/revisions"}],"predecessor-version":[{"id":382,"href":"http:\/\/bidragtilghana.dk\/index.php?rest_route=\/wp\/v2\/pages\/252\/revisions\/382"}],"wp:attachment":[{"href":"http:\/\/bidragtilghana.dk\/index.php?rest_route=%2Fwp%2Fv2%2Fmedia&parent=252"}],"curies":[{"name":"wp","href":"https:\/\/api.w.org\/{rel}","templated":true}]}}