{"id":91,"date":"2025-10-29T10:12:10","date_gmt":"2025-10-29T10:12:10","guid":{"rendered":"https:\/\/bidragtilghana.dk\/?page_id=91"},"modified":"2026-04-07T07:31:01","modified_gmt":"2026-04-07T07:31:01","slug":"__trashed","status":"publish","type":"page","link":"http:\/\/bidragtilghana.dk\/","title":{"rendered":"Forside"},"content":{"rendered":"<div class=\"brz brz-root__container brz-reset-all brz-root__container-page\">\n<section id=\"wOLcjZuCXlDh_wOLcjZuCXlDh\" class=\"brz-section brz-css-1nm00t4 brz-css-d7vu3a\">\n<div class=\"brz-section__content brz-section--boxed brz-css-1alcbfi brz-css-1ft5on7\" data-brz-custom-id=\"r7DsFiuNwEVv\">\n<div class=\"brz-bg\">\n<div class=\"brz-bg-color\"><\/div>\n<\/div>\n<div class=\"brz-container brz-css-1a0xni7 brz-css-17uvhv8\">\n<div id=\"\" class=\"brz-css-p1k5s6 brz-css-4ukcul brz-wrapper\">\n<div class=\"brz-carousel brz-css-15p3z6f brz-css-dn9zo8\" data-brz-custom-id=\"ngUFDrtAw8vU\">\n<div class=\"brz-carousel__slider\" data-slides-to-show=\"1\" data-slides-to-scroll=\"1\" data-arrows=\"true\" data-dots=\"true\" data-dots-class=\"brz-slick-slider__dots brz-slick-slider__dots--circle\" data-auto-play=\"true\" data-auto-play-speed=\"3000\" data-swipe=\"true\" data-fade=\"false\" data-transition-speed=\"3.5\" data-responsive=\"%5B%7B%22breakpoint%22%3A991%2C%22settings%22%3A%7B%22slidesToShow%22%3A2%2C%22slidesToScroll%22%3A1%7D%7D%2C%7B%22breakpoint%22%3A767%2C%22settings%22%3A%7B%22slidesToShow%22%3A1%2C%22slidesToScroll%22%3A1%7D%7D%5D\">\n<div class=\"brz-carousel__item\">\n<div class=\"brz-columns brz-css-m594io brz-css-fr5ml brz-css-d423br\" data-brz-custom-id=\"vtHgQoekG7zj\">\n<div class=\"brz-column__items brz-css-vqh5up brz-css-1f48ozd\">\n<div id=\"\" class=\"brz-css-p1k5s6 brz-css-nk7llp brz-wrapper\">\n<div class=\"brz-image brz-css-5tos9d brz-css-13w3lx0\" data-brz-custom-id=\"dGuggvjhR4g8\"><img decoding=\"async\" class=\"brz-img\" src=\"https:\/\/bidragtilghana.dk\/wp-content\/uploads\/brizy\/imgs\/forside-rullende-billeder-1000x666x0x0x1000x666x1761725597.webp\" loading=\"lazy\" alt=\"\" title=\"forside-rullende-billeder\"><\/div>\n<\/div>\n<\/div>\n<\/div>\n<\/div>\n<div class=\"brz-carousel__item\">\n<div class=\"brz-columns brz-css-m594io brz-css-fr5ml brz-css-1dqpws3\" data-brz-custom-id=\"ok79tFnSSikr\">\n<div class=\"brz-column__items brz-css-vqh5up brz-css-13b2121\">\n<div id=\"\" class=\"brz-css-p1k5s6 brz-css-grjcjd brz-wrapper\">\n<div class=\"brz-image brz-css-at928o brz-css-16szhgt\" data-brz-custom-id=\"intJa8r7rJ3c\"><img decoding=\"async\" class=\"brz-img\" src=\"https:\/\/bidragtilghana.dk\/wp-content\/uploads\/brizy\/imgs\/img_8293-2-1000x667x0x0x1000x667x1761725449.jpg\" loading=\"lazy\" alt=\"\" title=\"img_8293-2\"><\/div>\n<\/div>\n<\/div>\n<\/div>\n<\/div>\n<div class=\"brz-carousel__item\">\n<div class=\"brz-columns brz-css-m594io brz-css-fr5ml brz-css-1dw9y0v\" data-brz-custom-id=\"snhCSTN_6RJI\">\n<div class=\"brz-column__items brz-css-vqh5up brz-css-8hjwdt\">\n<div id=\"\" class=\"brz-css-p1k5s6 brz-css-jcmbm7 brz-wrapper\">\n<div class=\"brz-image brz-css-14ej6x7 brz-css-j6jnpg\" data-brz-custom-id=\"yJ6NNrgtjboM\"><img decoding=\"async\" class=\"brz-img\" src=\"https:\/\/bidragtilghana.dk\/wp-content\/uploads\/brizy\/imgs\/2h7a5609-scaled-1000x667x0x0x1000x667x1761725365.jpg\" loading=\"lazy\" alt=\"\" title=\"2h7a5609\"><\/div>\n<\/div>\n<\/div>\n<\/div>\n<\/div>\n<div class=\"brz-carousel__item\">\n<div class=\"brz-columns brz-css-m594io brz-css-fr5ml brz-css-11kmxwn\" data-brz-custom-id=\"iEX_RLSra91F\">\n<div class=\"brz-column__items brz-css-vqh5up brz-css-1v0epq8\">\n<div id=\"\" class=\"brz-css-p1k5s6 brz-css-sa382p brz-wrapper\">\n<div class=\"brz-image brz-css-iotzfg brz-css-1xjkku7\" data-brz-custom-id=\"qFpTNU70uEGB\"><img decoding=\"async\" class=\"brz-img\" src=\"https:\/\/bidragtilghana.dk\/wp-content\/uploads\/brizy\/imgs\/projekter-youth-empowerment-2-billeder-1-scaled-1000x667x0x0x1000x667x1761725319.jpg\" loading=\"lazy\" alt=\"\" title=\"projekter-youth-empowerment-2-billeder-1\"><\/div>\n<\/div>\n<\/div>\n<\/div>\n<\/div>\n<\/div>\n<\/div>\n<\/div>\n<\/div>\n<\/div>\n<\/section>\n<section id=\"orxy9qZgXDNf_orxy9qZgXDNf\" class=\"brz-section brz-css-mpqwdn brz-css-9z5fwm\">\n<div class=\"brz-section__content brz-section--boxed brz-css-udgsel brz-css-hishtv\" data-brz-custom-id=\"bIPap_bvDiKN\">\n<div class=\"brz-bg\">\n<div class=\"brz-bg-color\"><\/div>\n<\/div>\n<div class=\"brz-container brz-css-1vsjdfy brz-css-1hxvtj1\">\n<div id=\"\" class=\"brz-css-a8b9sa brz-css-oddlff brz-wrapper\">\n<div class=\"brz-rich-text brz-rich-text__custom brz-css-1qhsgdf brz-css-1l8nmf8\" data-brz-custom-id=\"t7B8x6HEV8Cm\">\n<div data-brz-translate-text=\"1\">\n<p class=\"brz-tp-lg-paragraph brz-css-bYyPc\" data-uniq-id=\"o99qb\" data-generated-css=\"brz-css-xLvA1\"><span class=\"brz-cp-color7\">Bidrag til Ghana st\u00f8tter talentfulde, men s\u00e5rbare unge, som g\u00e5r p\u00e5 Hopin Academy i NordGhana med kapacitet s\u00e5 de kan skabe deres egen virksomhed og i sidste ende styrke Ghana.<\/span><\/p>\n<\/div>\n<\/div>\n<\/div>\n<\/div>\n<\/div>\n<\/section><\/div>\n<p><!-- version:1762345668 --><\/p>\n","protected":false},"excerpt":{"rendered":"<p>Bidrag til Ghana st\u00f8tter talentfulde, men s\u00e5rbare unge, som g\u00e5r p\u00e5 Hopin Academy i NordGhana med kapacitet s\u00e5 de kan skabe deres egen virksomhed og i sidste ende styrke Ghana.<\/p>\n","protected":false},"author":1,"featured_media":0,"parent":0,"menu_order":0,"comment_status":"closed","ping_status":"closed","template":"brizy-blank-template.php","meta":{"footnotes":""},"class_list":["post-91","page","type-page","status-publish","hentry","entry"],"brizy_media":[{"id":32,"url":"http:\/\/bidragtilghana.dk\/wp-content\/uploads\/2025\/10\/projekter-youth-empowerment-2-billeder-1-scaled.jpg","name":"projekter-youth-empowerment-2-billeder-1.jpg","meta":{"brizy_attachment_uid":"wp-b9a51eefe7e8a990fec5aff23b345c8a.jpg","brizy_post_uid":["b293821f4055232a684792419e9a97f8","ad535d7f12395fab85c2b35b220db521"]}},{"id":38,"url":"http:\/\/bidragtilghana.dk\/wp-content\/uploads\/2025\/10\/img_9196.jpg","name":"img_9196.jpg","meta":{"brizy_attachment_uid":"wp-9f97aba4753c1115af577ff4fb96039c.jpg","brizy_post_uid":["b293821f4055232a684792419e9a97f8","5b30eefcfef8289ac7f1b29c8951f9d1"]}},{"id":45,"url":"http:\/\/bidragtilghana.dk\/wp-content\/uploads\/2025\/10\/2h7a5609-scaled.jpg","name":"2h7a5609.jpg","meta":{"brizy_attachment_uid":"wp-dde73a138929524a0c7fb453f2acd244.jpg","brizy_post_uid":["b293821f4055232a684792419e9a97f8","0a24b528c55c33a326831626f79e5993"]}},{"id":62,"url":"http:\/\/bidragtilghana.dk\/wp-content\/uploads\/2025\/10\/img_8293-2.jpg","name":"img_8293-2.jpg","meta":{"brizy_attachment_uid":"wp-32d2dce356886e5430c07eb3eeed7f41.jpg","brizy_post_uid":["b293821f4055232a684792419e9a97f8"]}},{"id":64,"url":"http:\/\/bidragtilghana.dk\/wp-content\/uploads\/2025\/10\/forside-rullende-billeder.webp","name":"forside-rullende-billeder.webp","meta":{"brizy_attachment_uid":"wp-d2a05acf7b7d8214d2e4ce8ec1e73a8a.webp","brizy_post_uid":["b293821f4055232a684792419e9a97f8"]}}],"_links":{"self":[{"href":"http:\/\/bidragtilghana.dk\/index.php?rest_route=\/wp\/v2\/pages\/91","targetHints":{"allow":["GET"]}}],"collection":[{"href":"http:\/\/bidragtilghana.dk\/index.php?rest_route=\/wp\/v2\/pages"}],"about":[{"href":"http:\/\/bidragtilghana.dk\/index.php?rest_route=\/wp\/v2\/types\/page"}],"author":[{"embeddable":true,"href":"http:\/\/bidragtilghana.dk\/index.php?rest_route=\/wp\/v2\/users\/1"}],"replies":[{"embeddable":true,"href":"http:\/\/bidragtilghana.dk\/index.php?rest_route=%2Fwp%2Fv2%2Fcomments&post=91"}],"version-history":[{"count":9,"href":"http:\/\/bidragtilghana.dk\/index.php?rest_route=\/wp\/v2\/pages\/91\/revisions"}],"predecessor-version":[{"id":356,"href":"http:\/\/bidragtilghana.dk\/index.php?rest_route=\/wp\/v2\/pages\/91\/revisions\/356"}],"wp:attachment":[{"href":"http:\/\/bidragtilghana.dk\/index.php?rest_route=%2Fwp%2Fv2%2Fmedia&parent=91"}],"curies":[{"name":"wp","href":"https:\/\/api.w.org\/{rel}","templated":true}]}}